{"id":2269,"date":"2022-07-24T14:42:42","date_gmt":"2022-07-24T14:42:42","guid":{"rendered":"https:\/\/kautaq.ca\/a-propos\/"},"modified":"2023-01-18T16:22:14","modified_gmt":"2023-01-18T16:22:14","slug":"a-propos","status":"publish","type":"page","link":"https:\/\/kautaq.ca\/fr\/a-propos\/","title":{"rendered":"\u00c0 propos"},"content":{"rendered":"\t\t<div data-elementor-type=\"wp-page\" data-elementor-id=\"2269\" class=\"elementor elementor-2269 elementor-122\" data-elementor-post-type=\"page\">\n\t\t\t\t\t\t<section class=\"elementor-section elementor-top-section elementor-element elementor-element-3a65f602 elementor-section-full_width elementor-section-height-min-height elementor-section-items-stretch elementor-section-content-middle elementor-reverse-mobile elementor-section-height-default\" data-id=\"3a65f602\" data-element_type=\"section\">\n\t\t\t\t\t\t\t<div class=\"elementor-background-overlay\"><\/div>\n\t\t\t\t\t\t\t<div class=\"elementor-container elementor-column-gap-default\">\n\t\t\t\t\t<div class=\"elementor-column elementor-col-50 elementor-top-column elementor-element elementor-element-4c8fc5a7\" data-id=\"4c8fc5a7\" data-element_type=\"column\" data-settings=\"{&quot;background_background&quot;:&quot;classic&quot;}\">\n\t\t\t<div class=\"elementor-widget-wrap elementor-element-populated\">\n\t\t\t\t\t\t<div class=\"elementor-element elementor-element-60aadc22 elementor-widget elementor-widget-heading\" data-id=\"60aadc22\" data-element_type=\"widget\" data-widget_type=\"heading.default\">\n\t\t\t\t<div class=\"elementor-widget-container\">\n\t\t\t\t\t<h1 class=\"elementor-heading-title elementor-size-default\">\u00c0 propos de Kautaq \nConstruction<\/h1>\t\t\t\t<\/div>\n\t\t\t\t<\/div>\n\t\t\t\t<div class=\"elementor-element elementor-element-4c5ebb89 elementor-widget elementor-widget-text-editor\" data-id=\"4c5ebb89\" data-element_type=\"widget\" data-widget_type=\"text-editor.default\">\n\t\t\t\t<div class=\"elementor-widget-container\">\n\t\t\t\t\t\t\t\t\t<p>Kautaq Construction offre des services de construction et de d\u00e9veloppement de projets dans les secteurs r\u00e9sidentiels, commerciaux et civils au Nunavik. Les projets communautaires sont au c\u0153ur des activit\u00e9s de l&rsquo;entreprise, qui se sp\u00e9cialise dans les projets de type cl\u00e9s en main. Au fil des ans, notre \u00e9quipe a eu l&rsquo;occasion de participer \u00e0 une grande vari\u00e9t\u00e9 de projets.<\/p>\n\t\t\t\t\t\t\t\t<\/div>\n\t\t\t\t<\/div>\n\t\t\t\t<div class=\"elementor-element elementor-element-d338d85 elementor-tablet-align-left elementor-widget elementor-widget-button\" data-id=\"d338d85\" data-element_type=\"widget\" data-widget_type=\"button.default\">\n\t\t\t\t<div class=\"elementor-widget-container\">\n\t\t\t\t\t\t\t\t\t<div class=\"elementor-button-wrapper\">\n\t\t\t\t\t<a class=\"elementor-button elementor-button-link elementor-size-sm elementor-animation-bob\" href=\"#read\">\n\t\t\t\t\t\t<span class=\"elementor-button-content-wrapper\">\n\t\t\t\t\t\t<span class=\"elementor-button-icon\">\n\t\t\t\t<i aria-hidden=\"true\" class=\"fas fa-long-arrow-alt-down\"><\/i>\t\t\t<\/span>\n\t\t\t\t\t\t\t\t\t<span class=\"elementor-button-text\">Lire<\/span>\n\t\t\t\t\t<\/span>\n\t\t\t\t\t<\/a>\n\t\t\t\t<\/div>\n\t\t\t\t\t\t\t\t<\/div>\n\t\t\t\t<\/div>\n\t\t\t\t\t<\/div>\n\t\t<\/div>\n\t\t\t\t<div data-dce-background-image-url=\"https:\/\/kautaq.ca\/wp-content\/uploads\/2022\/10\/Maxime_Ladouceur5.jpg\" class=\"elementor-column elementor-col-50 elementor-top-column elementor-element elementor-element-55f296fb\" data-id=\"55f296fb\" data-element_type=\"column\" data-settings=\"{&quot;background_background&quot;:&quot;classic&quot;}\">\n\t\t\t<div class=\"elementor-widget-wrap elementor-element-populated\">\n\t\t\t\t\t\t<div class=\"elementor-element elementor-element-6018c509 elementor-widget elementor-widget-spacer\" data-id=\"6018c509\" data-element_type=\"widget\" data-widget_type=\"spacer.default\">\n\t\t\t\t<div class=\"elementor-widget-container\">\n\t\t\t\t\t\t\t<div class=\"elementor-spacer\">\n\t\t\t<div class=\"elementor-spacer-inner\"><\/div>\n\t\t<\/div>\n\t\t\t\t\t\t<\/div>\n\t\t\t\t<\/div>\n\t\t\t\t\t<\/div>\n\t\t<\/div>\n\t\t\t\t\t<\/div>\n\t\t<\/section>\n\t\t\t\t<section data-dce-background-overlay-image-url=\"https:\/\/kautaq.ca\/wp-content\/uploads\/2022\/07\/kautaq_pattern-1-a.svg\" class=\"elementor-section elementor-top-section elementor-element elementor-element-e839584 elementor-section-height-min-height elementor-section-items-stretch elementor-reverse-mobile elementor-section-boxed elementor-section-height-default\" data-id=\"e839584\" data-element_type=\"section\" id=\"read\">\n\t\t\t\t\t\t\t<div class=\"elementor-background-overlay\"><\/div>\n\t\t\t\t\t\t\t<div class=\"elementor-container elementor-column-gap-default\">\n\t\t\t\t\t<div class=\"elementor-column elementor-col-50 elementor-top-column elementor-element elementor-element-ed2a2c7\" data-id=\"ed2a2c7\" data-element_type=\"column\" data-settings=\"{&quot;background_background&quot;:&quot;classic&quot;}\">\n\t\t\t<div class=\"elementor-widget-wrap elementor-element-populated\">\n\t\t\t\t\t\t<div class=\"elementor-element elementor-element-a16aab7 elementor-widget elementor-widget-image\" data-id=\"a16aab7\" data-element_type=\"widget\" data-widget_type=\"image.default\">\n\t\t\t\t<div class=\"elementor-widget-container\">\n\t\t\t\t\t\t\t\t\t\t\t\t\t\t\t<img fetchpriority=\"high\" decoding=\"async\" width=\"800\" height=\"618\" src=\"data:image\/gif;base64,R0lGODlhAQABAIAAAAAAAP\/\/\/yH5BAEAAAAALAAAAAABAAEAAAIBRAA7\" data-src=\"https:\/\/kautaq.ca\/wp-content\/uploads\/2022\/07\/KANGIQSUJUAQ-1024x791.jpg\" class=\"attachment-large size-large wp-image-1763 lazyload\" alt=\"\" data-srcset=\"https:\/\/kautaq.ca\/wp-content\/uploads\/2022\/07\/KANGIQSUJUAQ-1024x791.jpg 1024w, https:\/\/kautaq.ca\/wp-content\/uploads\/2022\/07\/KANGIQSUJUAQ-300x232.jpg 300w, https:\/\/kautaq.ca\/wp-content\/uploads\/2022\/07\/KANGIQSUJUAQ-768x593.jpg 768w, https:\/\/kautaq.ca\/wp-content\/uploads\/2022\/07\/KANGIQSUJUAQ-1536x1186.jpg 1536w, https:\/\/kautaq.ca\/wp-content\/uploads\/2022\/07\/KANGIQSUJUAQ-2048x1582.jpg 2048w\" sizes=\"(max-width: 800px) 100vw, 800px\" \/><noscript><img decoding=\"async\" width=\"800\" height=\"618\" src=\"https:\/\/kautaq.ca\/wp-content\/uploads\/2022\/07\/KANGIQSUJUAQ-1024x791.jpg\" class=\"attachment-large size-large wp-image-1763 lazyload\" alt=\"\" srcset=\"https:\/\/kautaq.ca\/wp-content\/uploads\/2022\/07\/KANGIQSUJUAQ-1024x791.jpg 1024w, https:\/\/kautaq.ca\/wp-content\/uploads\/2022\/07\/KANGIQSUJUAQ-300x232.jpg 300w, https:\/\/kautaq.ca\/wp-content\/uploads\/2022\/07\/KANGIQSUJUAQ-768x593.jpg 768w, https:\/\/kautaq.ca\/wp-content\/uploads\/2022\/07\/KANGIQSUJUAQ-1536x1186.jpg 1536w, https:\/\/kautaq.ca\/wp-content\/uploads\/2022\/07\/KANGIQSUJUAQ-2048x1582.jpg 2048w\" sizes=\"(max-width: 800px) 100vw, 800px\" \/><\/noscript>\t\t\t\t\t\t\t\t\t\t\t\t\t\t\t<\/div>\n\t\t\t\t<\/div>\n\t\t\t\t\t<\/div>\n\t\t<\/div>\n\t\t\t\t<div data-dce-background-color=\"#FFFFFF\" class=\"elementor-column elementor-col-50 elementor-top-column elementor-element elementor-element-7c62257\" data-id=\"7c62257\" data-element_type=\"column\" data-settings=\"{&quot;background_background&quot;:&quot;classic&quot;}\">\n\t\t\t<div class=\"elementor-widget-wrap elementor-element-populated\">\n\t\t\t\t\t\t<div class=\"elementor-element elementor-element-4eb3f58 elementor-widget elementor-widget-heading\" data-id=\"4eb3f58\" data-element_type=\"widget\" data-widget_type=\"heading.default\">\n\t\t\t\t<div class=\"elementor-widget-container\">\n\t\t\t\t\t<h2 class=\"elementor-heading-title elementor-size-default\">L'essence de nos valeurs<\/h2>\t\t\t\t<\/div>\n\t\t\t\t<\/div>\n\t\t\t\t<div class=\"elementor-element elementor-element-b0965cc elementor-widget elementor-widget-text-editor\" data-id=\"b0965cc\" data-element_type=\"widget\" data-widget_type=\"text-editor.default\">\n\t\t\t\t<div class=\"elementor-widget-container\">\n\t\t\t\t\t\t\t\t\t<p>Les diff\u00e9rents projets r\u00e9alis\u00e9s par notre entreprise nous ont permis de bien comprendre les conditions particuli\u00e8res du Grand Nord et d&rsquo;optimiser les constructions afin qu&rsquo;elles soient adapt\u00e9es au climat et aux exigences socio-\u00e9conomiques de la r\u00e9gion. Nous nous effor\u00e7ons de promouvoir et d&rsquo;encourager les retomb\u00e9es \u00e9conomiques locales et r\u00e9gionales dans tous les projets auxquels nous sommes appel\u00e9s \u00e0 participer.<\/p>\n\t\t\t\t\t\t\t\t<\/div>\n\t\t\t\t<\/div>\n\t\t\t\t\t<\/div>\n\t\t<\/div>\n\t\t\t\t\t<\/div>\n\t\t<\/section>\n\t\t\t\t<section class=\"elementor-section elementor-top-section elementor-element elementor-element-fa92f5d elementor-section-boxed elementor-section-height-default elementor-section-height-default\" data-id=\"fa92f5d\" data-element_type=\"section\">\n\t\t\t\t\t\t<div class=\"elementor-container elementor-column-gap-default\">\n\t\t\t\t\t<div class=\"elementor-column elementor-col-33 elementor-top-column elementor-element elementor-element-5d7a2f8\" data-id=\"5d7a2f8\" data-element_type=\"column\" data-settings=\"{&quot;background_background&quot;:&quot;classic&quot;}\">\n\t\t\t<div class=\"elementor-widget-wrap elementor-element-populated\">\n\t\t\t\t\t\t<div class=\"elementor-element elementor-element-f42aa69 elementor-view-default elementor-widget elementor-widget-icon\" data-id=\"f42aa69\" data-element_type=\"widget\" data-widget_type=\"icon.default\">\n\t\t\t\t<div class=\"elementor-widget-container\">\n\t\t\t\t\t\t\t<div class=\"elementor-icon-wrapper\">\n\t\t\t<div class=\"elementor-icon\">\n\t\t\t<svg xmlns=\"http:\/\/www.w3.org\/2000\/svg\" id=\"Calque_2\" viewBox=\"0 0 331 370.07\"><defs><style>.cls-1{fill:#fff;}.cls-2{fill:none;stroke:#fff;stroke-linecap:round;stroke-linejoin:round;stroke-width:5px;}<\/style><\/defs><g id=\"Calque_3\"><g><g><path class=\"cls-1\" d=\"M330.85,288.29L268.85,28.29c-.69-2.89-3.54-4.71-6.45-4.11l-14.59,2.98c-.08-3.05-.58-6.14-1.65-8.95-1.9-4.98-4.97-8.93-9.28-12.06-4.34-3.16-9.82-4.96-15.09-5.75-6.51-.97-13.36-.34-18.88,3.58-5.54,3.93-9.36,9.9-11.3,16.44-1.13-1.17-2.36-2.27-3.74-3.27-4.34-3.16-9.82-4.96-15.09-5.75-6.51-.97-13.36-.34-18.88,3.58-8.65,6.14-13.14,17.27-12.74,27.74,.05,1.35,.24,2.7,.44,4.03,.1,.64,.45,1.31,.92,1.92l-1.95,.4c-.25-2.01-.71-4-1.42-5.85-1.9-4.98-4.97-8.93-9.28-12.06-4.34-3.16-9.82-4.96-15.09-5.75-6.51-.97-13.36-.34-18.88,3.58-8.65,6.14-13.14,17.27-12.74,27.74,.05,1.34,.24,2.67,.44,3.99l-7.2,1.47s-.06,.02-.1,.03c-.19,.04-.38,.09-.57,.16-.03,.01-.06,.02-.09,.03-.22,.08-.43,.17-.63,.27-.04,.02-.07,.04-.11,.06-.17,.09-.33,.19-.49,.3-.04,.03-.08,.06-.12,.08-.18,.13-.36,.27-.53,.43,0,0,0,0,0,0-.16,.15-.31,.31-.45,.47-.04,.05-.08,.09-.12,.14-.11,.14-.22,.29-.32,.44-.02,.04-.05,.07-.07,.11-.12,.19-.22,.39-.31,.59-.02,.04-.03,.08-.05,.13-.08,.18-.14,.37-.2,.55,0,.03-.02,.05-.03,.08L.21,317.05s0,.04-.01,.06c-.08,.3-.14,.6-.17,.91,0,.04,0,.08-.01,.12-.02,.3-.02,.6,0,.9,0,.04,0,.09,.01,.13,.03,.29,.08,.58,.17,.87,.01,.04,.02,.07,.04,.11,.03,.11,.07,.23,.11,.34,.04,.11,.1,.2,.14,.3,.05,.11,.09,.22,.15,.32,.1,.2,.22,.38,.34,.56,.05,.08,.1,.15,.15,.23,.38,.5,.84,.93,1.36,1.26,.08,.05,.17,.1,.25,.14,.2,.11,.4,.22,.6,.31,.05,.02,.09,.05,.15,.07l117,46s.02,0,.04,.01c.28,.11,.58,.19,.88,.25,.03,0,.05,.02,.08,.02,.33,.06,.67,.1,1.01,.1,.27,0,.55-.02,.83-.06,.03,0,.06-.01,.09-.02,.04,0,.09-.02,.13-.03,.3-.06,.6-.14,.88-.24l202.98-74.99c2.61-.96,4.09-3.73,3.44-6.44ZM206.82,16.43c.05-.04-.09,.14-.26,.34,.07-.11,.18-.29,.26-.34Zm-4.61,12.37c.03-.41,.07-.81,.11-1.21,.02-.11,.03-.22,.05-.33,.17-1.01,.4-2.01,.66-3,.28-1.02,.6-2.02,.98-3,.01-.04,.04-.1,.06-.16,.02-.04,.03-.08,.05-.1,.22-.49,.46-.96,.71-1.44,.5-.94,1.07-1.83,1.68-2.71,.07-.09,.14-.17,.21-.25,.35-.41,.71-.8,1.09-1.18,.37-.37,.75-.72,1.15-1.06,.12-.08,.23-.17,.3-.22,.45-.31,.92-.59,1.4-.85,.22-.12,.45-.24,.68-.35,.02,0,.03-.01,.05-.02,1-.36,2-.68,3.05-.87,.04,0,.1-.02,.17-.03,.09,0,.17-.02,.22-.02,.7-.06,1.41-.08,2.11-.07,.64,.01,1.28,.06,1.92,.11,.04,0,.08,.01,.12,.02,.31,.05,.61,.1,.92,.16,1.29,.24,2.57,.54,3.83,.9,.54,.16,1.08,.32,1.61,.51,.3,.1,.6,.21,.89,.32,.05,.02,.15,.06,.24,.1,.29,.13,.67,.3,.81,.37,.51,.25,1.01,.52,1.5,.8,.4,.23,.8,.48,1.19,.74,.18,.12,.35,.24,.52,.36,.61,.52,1.21,1.04,1.77,1.63,.19,.2,.36,.4,.54,.61-.04-.07-.08-.13-.09-.18,.02,.07,.07,.14,.12,.21,.08,.1,.17,.19,.25,.28,.36,.43,.28,.38,.11,.19,.46,.67,.87,1.37,1.23,2.1,.04,.09,.09,.19,.13,.3-.04-.12-.08-.24-.13-.39,.13,.4,.31,.79,.44,1.19,.27,.81,.49,1.63,.66,2.47,.06,.29,.1,.57,.15,.86,.01,.1,.02,.2,.03,.3,.08,.87,.11,1.75,.1,2.63,0,.38-.02,.75-.03,1.13l-33.92,6.93c.4-.99,.49-1.97,.42-3.03,.02,.13,.03,.15,.01-.08-.02-.22-.05-.43-.07-.65-.04-.42-.06-.85-.07-1.27-.03-.91,0-1.82,.06-2.73Zm23.01,39.19c3.13-.32,5.58-1.86,7.75-4.01-.21,3.4-3.03,6.1-6.48,6.1-3.07,0-5.64-2.14-6.32-5.01,1.05,1.79,2.87,3.14,5.05,2.92Zm-49,11c2.36-.24,4.34-1.19,6.1-2.55-1.06,2.15-3.27,3.65-5.83,3.65-3.58,0-6.5-2.92-6.5-6.5,0-1.15,.3-2.23,.83-3.17-.4,.82-.64,1.73-.6,2.58,.13,2.98,2.66,6.34,6,6Zm-18.4-51.55c.05-.04-.09,.14-.26,.34,.07-.11,.18-.29,.26-.34Zm-4.54,17.1c.02,.13,.03,.15,.01-.08-.02-.22-.05-.43-.07-.65-.04-.42-.06-.85-.07-1.27-.03-.91,0-1.82,.06-2.73,.03-.41,.07-.81,.11-1.21,.02-.11,.03-.22,.05-.33,.17-1.01,.4-2.01,.66-3,.28-1.02,.6-2.02,.98-3,.01-.04,.04-.1,.06-.16,.02-.04,.03-.08,.05-.1,.22-.49,.46-.96,.71-1.44,.5-.94,1.07-1.83,1.68-2.71,.07-.09,.14-.17,.21-.25,.35-.41,.71-.8,1.09-1.18,.37-.37,.75-.72,1.15-1.06,.12-.08,.23-.17,.3-.22,.45-.31,.92-.59,1.4-.85,.22-.12,.45-.24,.68-.35,.02,0,.03-.01,.05-.02,1-.36,2-.68,3.05-.87,.04,0,.1-.02,.17-.03,.09,0,.17-.02,.22-.02,.7-.06,1.41-.08,2.11-.07,.64,.01,1.28,.06,1.92,.11,.04,0,.08,.01,.12,.02,.31,.05,.61,.1,.92,.16,1.29,.24,2.57,.54,3.83,.9,.54,.16,1.08,.32,1.61,.51,.3,.1,.6,.21,.89,.32,.05,.02,.15,.06,.24,.1,.29,.13,.67,.3,.81,.37,.51,.25,1.01,.52,1.5,.8,.4,.23,.8,.48,1.19,.74,.18,.12,.35,.24,.52,.36,.61,.52,1.21,1.04,1.77,1.63,.19,.2,.36,.4,.54,.61-.04-.07-.08-.13-.09-.18,.02,.07,.07,.14,.12,.21,.08,.1,.17,.19,.25,.28,.36,.43,.28,.38,.11,.19,.46,.67,.87,1.37,1.23,2.1,.04,.09,.09,.19,.13,.3-.04-.12-.08-.24-.13-.39,.13,.4,.31,.79,.44,1.19,.27,.81,.49,1.63,.66,2.47,.06,.29,.1,.57,.15,.86,.01,.1,.02,.2,.03,.3,.08,.87,.11,1.75,.1,2.63,0,.04,0,.09,0,.13l-33.63,6.87c.13-.64,.15-1.29,.1-1.97Zm-35.05,48.46c3.41-.35,6.02-2.13,8.33-4.59,.15-.16,.28-.33,.43-.49-.17,3.43-3.01,6.17-6.48,6.17-1.39,0-2.67-.44-3.73-1.18,.46,.1,.95,.15,1.46,.09Zm-18.4-51.55c.05-.04-.09,.14-.26,.34,.07-.11,.18-.29,.26-.34Zm-4.61,12.37c.03-.41,.07-.81,.11-1.21,.02-.11,.03-.22,.05-.33,.17-1.01,.4-2.01,.66-3,.28-1.02,.6-2.02,.98-3,.01-.04,.04-.1,.06-.16,.02-.04,.03-.08,.05-.1,.22-.49,.46-.96,.71-1.44,.5-.94,1.07-1.83,1.68-2.71,.07-.09,.14-.17,.21-.25,.35-.41,.71-.8,1.09-1.18,.37-.37,.75-.72,1.15-1.06,.12-.08,.23-.17,.3-.22,.45-.31,.92-.59,1.4-.85,.22-.12,.45-.24,.68-.35,.02,0,.03-.01,.05-.02,1-.36,2-.68,3.05-.87,.04,0,.1-.02,.17-.03,.09,0,.17-.02,.22-.02,.7-.06,1.41-.08,2.11-.07,.64,.01,1.28,.06,1.92,.11,.04,0,.08,.01,.12,.02,.31,.05,.61,.1,.92,.16,1.29,.24,2.57,.54,3.83,.9,.54,.16,1.08,.32,1.61,.51,.3,.1,.6,.21,.89,.32,.05,.02,.15,.06,.24,.1,.29,.13,.67,.3,.81,.37,.51,.25,1.01,.52,1.5,.8,.4,.23,.8,.48,1.19,.74,.18,.12,.35,.24,.52,.36,.61,.52,1.21,1.04,1.77,1.63,.19,.2,.36,.4,.54,.61-.04-.07-.08-.13-.09-.18,.02,.07,.07,.14,.12,.21,.08,.1,.17,.19,.25,.28,.36,.43,.28,.38,.11,.19,.46,.67,.87,1.37,1.23,2.1,.04,.09,.09,.19,.13,.3-.04-.12-.08-.24-.13-.39,.13,.4,.31,.79,.44,1.19,.27,.81,.49,1.63,.66,2.47,.06,.29,.1,.57,.15,.86,.01,.1,.02,.2,.03,.3,.02,.21,.03,.41,.04,.62l-33.48,6.84c-.02-.18-.04-.35-.05-.53-.04-.42-.06-.85-.07-1.27-.03-.91,0-1.82,.06-2.73Zm20.42,302.17l-94.75-37.25,84.34-31.42,10.4,68.67ZM13.79,309.61L75.83,93.31l27.71,182.87L13.79,309.61Zm113.14,47.46L83.72,71.91l43.46-8.88c-.5,1.63-1.09,3.23-1.72,4.81-.02,.04-.04,.09-.06,.13-.19,.44-.39,.87-.6,1.31-.19,.4-.4,.79-.6,1.19-1.2-.26-2.43-.4-3.71-.4-9.65,0-17.5,7.85-17.5,17.5s7.85,17.5,17.5,17.5,17.5-7.85,17.5-17.5c0-3.99-1.36-7.67-3.62-10.62,2.71-5.2,4.71-10.79,5.72-16.56l44.31-9.05c-.3,.84-.62,1.68-.96,2.51-.02,.04-.04,.09-.06,.13-.19,.44-.39,.87-.6,1.31-.27,.56-.55,1.12-.84,1.67-1.72-.57-3.56-.89-5.47-.89-9.65,0-17.5,7.85-17.5,17.5s7.85,17.5,17.5,17.5,17.5-7.85,17.5-17.5c0-3.29-.93-6.36-2.51-8.99,2.78-4.98,4.94-10.37,6.18-15.95l35.34-7.22c-.18,.48-.36,.96-.55,1.43-.02,.04-.04,.09-.06,.13-.19,.44-.39,.87-.6,1.31-.37,.78-.75,1.54-1.15,2.3-1.33-.33-2.72-.52-4.15-.52-9.65,0-17.5,7.85-17.5,17.5s7.85,17.5,17.5,17.5,17.5-7.85,17.5-17.5c0-3.84-1.26-7.38-3.36-10.27,2.53-4.59,4.53-9.52,5.78-14.63l12.97-2.65,59.63,250.08-192.09,70.97Z\"><\/path><path class=\"cls-1\" d=\"M257.56,84c-1.26-.84-2.81-1.13-4.28-.8L112.28,115.21c-2.84,.65-4.69,3.39-4.21,6.27l7,42c.27,1.61,1.24,3.02,2.65,3.84,.85,.5,1.81,.75,2.78,.75,.63,0,1.27-.11,1.87-.33l138-50c2.49-.9,3.99-3.46,3.55-6.08l-4-24c-.25-1.49-1.1-2.82-2.36-3.66ZM124.83,155.15l-5.06-30.36,130.25-29.56,2.29,13.73-127.48,46.19Z\"><\/path><path class=\"cls-1\" d=\"M258.58,129.42l-137,51c-2.38,.89-3.84,3.28-3.54,5.8l14,118c.18,1.54,1.01,2.93,2.27,3.83,.94,.67,2.06,1.02,3.19,1.02,.39,0,.78-.04,1.16-.12l157-34c1.46-.32,2.72-1.21,3.51-2.48s1.02-2.8,.66-4.24l-34-135c-.38-1.52-1.39-2.8-2.77-3.53-1.38-.73-3.01-.83-4.48-.29Zm29.2,135.98l-145.53,31.52-12.78-107.7,127.19-47.35,31.11,123.53Z\"><\/path><path class=\"cls-1\" d=\"M127.57,46.43c.45,1.31,.24,.59,0,0h0Z\"><\/path><path class=\"cls-1\" d=\"M126.13,43.92c-.07-.1-.19-.23-.29-.36-.01-.01-.02-.02-.03-.04,.1,.17,.27,.37,.39,.51-.03-.04-.05-.08-.08-.12Z\"><\/path><path class=\"cls-1\" d=\"M185.57,32.43c.45,1.31,.24,.59,0,0h0Z\"><\/path><path class=\"cls-1\" d=\"M184.13,29.92c-.07-.1-.19-.23-.29-.36-.01-.01-.02-.02-.03-.04,.1,.17,.27,.37,.39,.51-.03-.04-.05-.08-.08-.12Z\"><\/path><path class=\"cls-1\" d=\"M234.57,21.43c.45,1.31,.24,.59,0,0h0Z\"><\/path><path class=\"cls-1\" d=\"M233.13,18.92c-.07-.1-.19-.23-.29-.36-.01-.01-.02-.02-.03-.04,.1,.17,.27,.37,.39,.51-.03-.04-.05-.08-.08-.12Z\"><\/path><\/g><line class=\"cls-2\" x1=\"152.44\" y1=\"175.26\" x2=\"179.78\" y2=\"293.92\"><\/line><line class=\"cls-2\" x1=\"196.65\" y1=\"160.72\" x2=\"203\" y2=\"286.07\"><\/line><line class=\"cls-2\" x1=\"224.64\" y1=\"146.76\" x2=\"262.45\" y2=\"274.15\"><\/line><polygon class=\"cls-2\" points=\"129.82 221.79 267.5 174.57 287.46 239.83 135.06 261.93 129.82 221.79\"><\/polygon><\/g><\/g><\/svg>\t\t\t<\/div>\n\t\t<\/div>\n\t\t\t\t\t\t<\/div>\n\t\t\t\t<\/div>\n\t\t\t\t<div class=\"elementor-element elementor-element-f83b08a elementor-widget elementor-widget-text-editor\" data-id=\"f83b08a\" data-element_type=\"widget\" data-widget_type=\"text-editor.default\">\n\t\t\t\t<div class=\"elementor-widget-container\">\n\t\t\t\t\t\t\t\t\t<p>Respect des calendriers de construction<\/p>\n\t\t\t\t\t\t\t\t<\/div>\n\t\t\t\t<\/div>\n\t\t\t\t\t<\/div>\n\t\t<\/div>\n\t\t\t\t<div class=\"elementor-column elementor-col-33 elementor-top-column elementor-element elementor-element-67a9202\" data-id=\"67a9202\" data-element_type=\"column\" data-settings=\"{&quot;background_background&quot;:&quot;classic&quot;}\">\n\t\t\t<div class=\"elementor-widget-wrap elementor-element-populated\">\n\t\t\t\t\t\t<div class=\"elementor-element elementor-element-e941437 elementor-view-default elementor-widget elementor-widget-icon\" data-id=\"e941437\" data-element_type=\"widget\" data-widget_type=\"icon.default\">\n\t\t\t\t<div class=\"elementor-widget-container\">\n\t\t\t\t\t\t\t<div class=\"elementor-icon-wrapper\">\n\t\t\t<div class=\"elementor-icon\">\n\t\t\t<svg xmlns=\"http:\/\/www.w3.org\/2000\/svg\" id=\"Calque_2\" viewBox=\"0 0 336 376.18\"><defs><style>.cls-1{fill:#fff;}<\/style><\/defs><g id=\"Calque_5\"><g><path class=\"cls-1\" d=\"M200.96,44.64c-11.83-13.31-27.14-20.35-44.27-20.35-11.27,0-22.96,3.02-34.74,8.98C55.58,66.84,24.31,88.93,24.31,146.31c0,31.56,8.28,59.39,23.32,78.36,15.64,19.73,37.78,29.74,65.81,29.74s54.12-11.05,74.03-31.95c19.31-20.27,31.97-48.62,35.66-79.83,6.63-56.11-11.04-85.48-22.17-98Zm16.17,97.29c-3.54,29.92-15.62,57.04-34.03,76.37-18.74,19.67-42.83,30.07-69.66,30.07s-46.64-9.24-61.08-27.45c-14.19-17.91-22.01-44.4-22.01-74.61,0-54.03,30.21-75.23,94.33-107.66,10.92-5.52,21.69-8.33,32.01-8.33,15.35,0,29.1,6.34,39.75,18.32,10.45,11.76,27.04,39.52,20.68,93.28Z\"><\/path><path class=\"cls-1\" d=\"M94.01,92.28c-1.51,.03-3.06,.05-4.65,.05-18.39,0-21.14,18.73-21.14,29.89,0,6.67,0,26.98,21.14,26.98,16.71,0,28.43-26.97,28.43-41.57,0-4.96-1.27-8.61-3.89-11.18-4.53-4.45-11.65-4.32-19.89-4.17Zm-4.65,49.68c-7.21,0-13.89-2.39-13.89-19.73,0-22.65,10.45-22.65,13.89-22.65,1.64,0,3.23-.03,4.78-.06,1.42-.03,2.8-.05,4.12-.05,4.8,0,8.72,.33,10.57,2.15,1.16,1.14,1.72,3.1,1.72,6.01,0,12.61-10.47,34.32-21.19,34.32Z\"><\/path><path class=\"cls-1\" d=\"M124.53,72.65c-.51,0-1.03,.02-1.57,.02-2.91,0-9.69,1.24-9.69,12.73,0,10.2,6.07,11.72,9.69,11.72,7.58,0,12.22-10.86,12.22-16.78,0-2.35-.69-4.23-2.06-5.57-2.28-2.24-5.49-2.18-8.6-2.12Zm-1.57,17.22c-1.31,0-2.45,0-2.45-4.47,0-5.48,1.78-5.48,2.45-5.48,.58,0,1.15-.01,1.7-.02,.4,0,.86-.01,1.32-.01,.75,0,1.5,.02,1.95,.11,0,.09,.01,.21,.01,.35,0,4.09-3.42,9.53-4.98,9.53Z\"><\/path><path class=\"cls-1\" d=\"M236.76,228.77l-8.76,7.3-8.4-14.9c14.7-21.53,24.36-47.68,27.66-75.68,6.86-58.03-9.43-106.92-43.57-130.79-26.39-18.45-60.18-19.59-92.72-3.13-30.24,15.29-59.04,30.74-79.18,51.41C10.11,85.27,0,111.75,0,146.31c0,37.56,9.88,69.88,28.58,93.46,20.2,25.48,49.54,38.95,84.86,38.95,29.52,0,56.49-9.54,78.92-27.74l7.92,8.44-5.84,14.59,119.67,102.16,21.89-23.35-99.24-124.05Zm-199.66,4.25c-17.16-21.64-26.22-51.63-26.22-86.71,0-66.91,41.58-92.95,105.02-125.04,13.67-6.92,27.54-10.36,40.8-10.36,14.72,0,28.68,4.25,40.78,12.7,30.8,21.53,45.38,66.61,39,120.6-8.6,72.79-59.19,123.63-123.03,123.63-31.88,0-58.28-12.04-76.34-34.83Zm276.18,128.15l-105.85-90.36,1.93-4.83,25.61-21.56,.24-.2,86.43,108.04-8.35,8.91Z\"><\/path><\/g><\/g><\/svg>\t\t\t<\/div>\n\t\t<\/div>\n\t\t\t\t\t\t<\/div>\n\t\t\t\t<\/div>\n\t\t\t\t<div class=\"elementor-element elementor-element-57ae9b4 elementor-widget elementor-widget-text-editor\" data-id=\"57ae9b4\" data-element_type=\"widget\" data-widget_type=\"text-editor.default\">\n\t\t\t\t<div class=\"elementor-widget-container\">\n\t\t\t\t\t\t\t\t\t<p><span style=\"color: var( --e-global-color-accent ); letter-spacing: 0.3px; background-color: var( --e-global-color-10d7276 );\">Souci <br \/>de la qualit\u00e9<\/span><\/p>\n\t\t\t\t\t\t\t\t<\/div>\n\t\t\t\t<\/div>\n\t\t\t\t\t<\/div>\n\t\t<\/div>\n\t\t\t\t<div class=\"elementor-column elementor-col-33 elementor-top-column elementor-element elementor-element-ecf7de6\" data-id=\"ecf7de6\" data-element_type=\"column\" data-settings=\"{&quot;background_background&quot;:&quot;classic&quot;}\">\n\t\t\t<div class=\"elementor-widget-wrap elementor-element-populated\">\n\t\t\t\t\t\t<div class=\"elementor-element elementor-element-7fdf497 elementor-view-default elementor-widget elementor-widget-icon\" data-id=\"7fdf497\" data-element_type=\"widget\" data-widget_type=\"icon.default\">\n\t\t\t\t<div class=\"elementor-widget-container\">\n\t\t\t\t\t\t\t<div class=\"elementor-icon-wrapper\">\n\t\t\t<div class=\"elementor-icon\">\n\t\t\t<svg xmlns=\"http:\/\/www.w3.org\/2000\/svg\" id=\"Calque_2\" viewBox=\"0 0 1010.33 645.16\"><defs><style>.cls-1{fill:#fff;}<\/style><\/defs><g id=\"Calque_2-2\"><g><path class=\"cls-1\" d=\"M503.17,292.32c80.59,0,146.16-65.57,146.16-146.16S583.76,0,503.17,0s-146.16,65.57-146.16,146.16,65.57,146.16,146.16,146.16Zm-120.16-146.16c0-32.1,12.5-62.27,35.2-84.97,22.69-22.7,52.87-35.19,84.96-35.19s62.27,12.5,84.97,35.19c22.7,22.7,35.19,52.87,35.19,84.97s-12.5,62.27-35.19,84.97c-22.69,22.7-52.87,35.19-84.97,35.19s-62.27-12.5-84.97-35.19-35.19-52.87-35.19-84.97Z\"><\/path><path class=\"cls-1\" d=\"M222.17,281.61c64.76,0,117.45-52.69,117.45-117.45s-52.69-117.45-117.45-117.45-117.45,52.69-117.45,117.45,52.69,117.45,117.45,117.45Zm-91.45-117.45c0-50.43,41.03-91.45,91.45-91.45s91.45,41.03,91.45,91.45-41.03,91.45-91.45,91.45-91.45-41.03-91.45-91.45Z\"><\/path><path class=\"cls-1\" d=\"M786.17,284.61c64.76,0,117.45-52.69,117.45-117.45s-52.69-117.45-117.45-117.45-117.45,52.69-117.45,117.45,52.69,117.45,117.45,117.45Zm-91.45-117.45c0-50.43,41.03-91.45,91.45-91.45s91.45,41.03,91.45,91.45-41.03,91.45-91.45,91.45-91.45-41.03-91.45-91.45Z\"><\/path><path class=\"cls-1\" d=\"M1009.76,528.19l-54.46-235c-2.33-10.03-11.13-17.03-21.42-17.03-1.28,0-2.58,.11-3.86,.34l-229.2,40.63-3.23-13.94c-2.32-10.03-11.13-17.04-21.42-17.04-1.28,0-2.58,.11-3.86,.34l-305.19,54.11c-2.09-8.45-8.89-14.83-17.51-16.36l-269.32-47.75c-1.27-.23-2.57-.34-3.86-.34-10.28,0-19.09,7-21.42,17.04L.58,528.19c-1.52,6.57,0,13.37,4.21,18.66,4.2,5.28,10.48,8.31,17.22,8.31H254.04l-13.4,63.45c-1.38,6.52,.24,13.23,4.44,18.4,4.2,5.17,10.42,8.14,17.09,8.14h487c6.75,0,13.03-3.03,17.22-8.31,4.2-5.28,5.73-12.08,4.21-18.66l-14.61-63.03h232.33c6.75,0,13.03-3.03,17.22-8.31,4.2-5.28,5.73-12.08,4.21-18.66ZM293.64,367.62l-33.69,159.54H29.56l51.47-222.1,243.29,43.13-12.99,2.3c-8.88,1.57-15.82,8.29-17.68,17.12Zm26.56,9.75l351.41-62.3,70.01,302.1H269.56l50.63-239.8Zm660.58,149.8h-231.27l-42.34-182.71,222.15-39.38,51.47,222.1Z\"><\/path><\/g><\/g><\/svg>\t\t\t<\/div>\n\t\t<\/div>\n\t\t\t\t\t\t<\/div>\n\t\t\t\t<\/div>\n\t\t\t\t<div class=\"elementor-element elementor-element-9a7f83f elementor-widget elementor-widget-text-editor\" data-id=\"9a7f83f\" data-element_type=\"widget\" data-widget_type=\"text-editor.default\">\n\t\t\t\t<div class=\"elementor-widget-container\">\n\t\t\t\t\t\t\t\t\t<p>Contact \u00e9troit avec les clients et les communaut\u00e9s<\/p>\n\t\t\t\t\t\t\t\t<\/div>\n\t\t\t\t<\/div>\n\t\t\t\t\t<\/div>\n\t\t<\/div>\n\t\t\t\t\t<\/div>\n\t\t<\/section>\n\t\t\t\t<\/div>\n\t\t","protected":false},"excerpt":{"rendered":"<p>\u00c0 propos de Kautaq Construction Kautaq Construction offre des services de construction et de d\u00e9veloppement de projets dans les secteurs r\u00e9sidentiels, commerciaux et civils au Nunavik. Les projets communautaires sont au c\u0153ur des activit\u00e9s de l&rsquo;entreprise, qui se sp\u00e9cialise dans les projets de type cl\u00e9s en main. Au fil des ans, notre \u00e9quipe a eu [&hellip;]<\/p>\n","protected":false},"author":1,"featured_media":0,"parent":0,"menu_order":0,"comment_status":"closed","ping_status":"closed","template":"elementor_header_footer","meta":{"_acf_changed":false,"footnotes":""},"class_list":["post-2269","page","type-page","status-publish","hentry"],"acf":[],"_links":{"self":[{"href":"https:\/\/kautaq.ca\/fr\/wp-json\/wp\/v2\/pages\/2269","targetHints":{"allow":["GET"]}}],"collection":[{"href":"https:\/\/kautaq.ca\/fr\/wp-json\/wp\/v2\/pages"}],"about":[{"href":"https:\/\/kautaq.ca\/fr\/wp-json\/wp\/v2\/types\/page"}],"author":[{"embeddable":true,"href":"https:\/\/kautaq.ca\/fr\/wp-json\/wp\/v2\/users\/1"}],"replies":[{"embeddable":true,"href":"https:\/\/kautaq.ca\/fr\/wp-json\/wp\/v2\/comments?post=2269"}],"version-history":[{"count":5,"href":"https:\/\/kautaq.ca\/fr\/wp-json\/wp\/v2\/pages\/2269\/revisions"}],"predecessor-version":[{"id":2555,"href":"https:\/\/kautaq.ca\/fr\/wp-json\/wp\/v2\/pages\/2269\/revisions\/2555"}],"wp:attachment":[{"href":"https:\/\/kautaq.ca\/fr\/wp-json\/wp\/v2\/media?parent=2269"}],"curies":[{"name":"wp","href":"https:\/\/api.w.org\/{rel}","templated":true}]}}