{"id":2276,"date":"2022-07-24T14:42:17","date_gmt":"2022-07-24T14:42:17","guid":{"rendered":"https:\/\/kautaq.ca\/contact\/"},"modified":"2023-01-18T19:13:26","modified_gmt":"2023-01-18T19:13:26","slug":"contact","status":"publish","type":"page","link":"https:\/\/kautaq.ca\/fr\/contact\/","title":{"rendered":"Contact"},"content":{"rendered":"\t\t<div data-elementor-type=\"wp-page\" data-elementor-id=\"2276\" class=\"elementor elementor-2276 elementor-67\" data-elementor-post-type=\"page\">\n\t\t\t\t\t\t<section class=\"elementor-section elementor-top-section elementor-element elementor-element-2bef6b57 elementor-section-full_width elementor-section-height-min-height elementor-section-items-stretch elementor-section-content-middle elementor-reverse-mobile elementor-section-height-default\" data-id=\"2bef6b57\" data-element_type=\"section\">\n\t\t\t\t\t\t\t<div class=\"elementor-background-overlay\"><\/div>\n\t\t\t\t\t\t\t<div class=\"elementor-container elementor-column-gap-default\">\n\t\t\t\t\t<div class=\"elementor-column elementor-col-50 elementor-top-column elementor-element elementor-element-3bb5fc7f\" data-id=\"3bb5fc7f\" data-element_type=\"column\" data-settings=\"{&quot;background_background&quot;:&quot;classic&quot;}\">\n\t\t\t<div class=\"elementor-widget-wrap elementor-element-populated\">\n\t\t\t\t\t\t<div class=\"elementor-element elementor-element-5f775281 elementor-widget elementor-widget-heading\" data-id=\"5f775281\" data-element_type=\"widget\" data-widget_type=\"heading.default\">\n\t\t\t\t<div class=\"elementor-widget-container\">\n\t\t\t\t\t<h1 class=\"elementor-heading-title elementor-size-default\">Contactez Kautaq Construction<\/h1>\t\t\t\t<\/div>\n\t\t\t\t<\/div>\n\t\t\t\t<div class=\"elementor-element elementor-element-61d61e47 elementor-widget elementor-widget-text-editor\" data-id=\"61d61e47\" data-element_type=\"widget\" data-widget_type=\"text-editor.default\">\n\t\t\t\t<div class=\"elementor-widget-container\">\n\t\t\t\t\t\t\t\t\t<p>Pour en savoir plus sur nos services, remplissez notre formulaire et nous vous r\u00e9pondrons dans les plus brefs d\u00e9lais. Nous nous r\u00e9jouissons de vous entendre et de vous aider \u00e0 r\u00e9aliser tous vos projets!<\/p>\n\t\t\t\t\t\t\t\t<\/div>\n\t\t\t\t<\/div>\n\t\t\t\t\t<\/div>\n\t\t<\/div>\n\t\t\t\t<div data-dce-background-overlay-image-url=\"https:\/\/kautaq.ca\/wp-content\/uploads\/2022\/07\/kautaq_pattern-1-a.svg\" class=\"elementor-column elementor-col-50 elementor-top-column elementor-element elementor-element-7af3ad02\" data-id=\"7af3ad02\" data-element_type=\"column\" data-settings=\"{&quot;background_background&quot;:&quot;classic&quot;}\">\n\t\t\t<div class=\"elementor-widget-wrap elementor-element-populated\">\n\t\t\t\t\t<div class=\"elementor-background-overlay\"><\/div>\n\t\t\t\t\t\t<div class=\"elementor-element elementor-element-46b36e9d elementor-button-align-end elementor-mobile-button-align-stretch contact elementor-widget elementor-widget-form\" data-id=\"46b36e9d\" data-element_type=\"widget\" data-settings=\"{&quot;step_next_label&quot;:&quot;Suivant&quot;,&quot;step_previous_label&quot;:&quot;Pr\\u00e9c\\u00e9dent&quot;,&quot;button_width&quot;:&quot;100&quot;,&quot;step_type&quot;:&quot;number_text&quot;,&quot;step_icon_shape&quot;:&quot;circle&quot;}\" data-widget_type=\"form.default\">\n\t\t\t\t<div class=\"elementor-widget-container\">\n\t\t\t\t\t\t\t<form class=\"elementor-form\" method=\"post\" name=\"Formulaire de contact\">\n\t\t\t<input type=\"hidden\" name=\"post_id\" value=\"2276\"\/>\n\t\t\t<input type=\"hidden\" name=\"form_id\" value=\"46b36e9d\"\/>\n\t\t\t<input type=\"hidden\" name=\"referer_title\" value=\"Contact\" \/>\n\n\t\t\t\t\t\t\t<input type=\"hidden\" name=\"queried_id\" value=\"2276\"\/>\n\t\t\t\n\t\t\t<div class=\"elementor-form-fields-wrapper elementor-labels-\">\n\t\t\t\t\t\t\t\t<div class=\"elementor-field-type-text elementor-field-group elementor-column elementor-field-group-field_2 elementor-col-100\">\n\t\t\t\t\t\t\t\t\t\t\t\t<label for=\"form-field-field_2\" class=\"elementor-field-label elementor-screen-only\">\n\t\t\t\t\t\t\t\tNom\t\t\t\t\t\t\t<\/label>\n\t\t\t\t\t\t\t\t\t\t\t\t\t\t<input size=\"1\" type=\"text\" name=\"form_fields[field_2]\" id=\"form-field-field_2\" class=\"elementor-field elementor-size-md  elementor-field-textual\" placeholder=\"Nom\">\n\t\t\t\t\t\t\t\t\t\t\t<\/div>\n\t\t\t\t\t\t\t\t<div class=\"elementor-field-type-tel elementor-field-group elementor-column elementor-field-group-field_1 elementor-col-50\">\n\t\t\t\t\t\t\t\t\t\t\t\t<label for=\"form-field-field_1\" class=\"elementor-field-label elementor-screen-only\">\n\t\t\t\t\t\t\t\tNum\u00e9ro de t\u00e9l\u00e9phone\t\t\t\t\t\t\t<\/label>\n\t\t\t\t\t\t\t\t<input size=\"1\" type=\"tel\" name=\"form_fields[field_1]\" id=\"form-field-field_1\" class=\"elementor-field elementor-size-md  elementor-field-textual\" placeholder=\"Num\u00e9ro de t\u00e9l\u00e9phone\" pattern=\"[0-9()#&amp;+*-=.]+\" title=\"Seuls les caract\u00e8res de num\u00e9ros de t\u00e9l\u00e9phone (#, -, *, etc.) sont accept\u00e9s.\">\n\n\t\t\t\t\t\t<\/div>\n\t\t\t\t\t\t\t\t<div class=\"elementor-field-type-email elementor-field-group elementor-column elementor-field-group-email elementor-col-50 elementor-field-required\">\n\t\t\t\t\t\t\t\t\t\t\t\t<label for=\"form-field-email\" class=\"elementor-field-label elementor-screen-only\">\n\t\t\t\t\t\t\t\tCourriel :\t\t\t\t\t\t\t<\/label>\n\t\t\t\t\t\t\t\t\t\t\t\t\t\t<input size=\"1\" type=\"email\" name=\"form_fields[email]\" id=\"form-field-email\" class=\"elementor-field elementor-size-md  elementor-field-textual\" placeholder=\"Courriel :\" required=\"required\">\n\t\t\t\t\t\t\t\t\t\t\t<\/div>\n\t\t\t\t\t\t\t\t<div class=\"elementor-field-type-textarea elementor-field-group elementor-column elementor-field-group-message elementor-col-100\">\n\t\t\t\t\t\t\t\t\t\t\t\t<label for=\"form-field-message\" class=\"elementor-field-label elementor-screen-only\">\n\t\t\t\t\t\t\t\tMessage\t\t\t\t\t\t\t<\/label>\n\t\t\t\t\t\t<textarea class=\"elementor-field-textual elementor-field  elementor-size-md\" name=\"form_fields[message]\" id=\"form-field-message\" rows=\"4\" placeholder=\"Vos questions...\"><\/textarea>\t\t\t\t<\/div>\n\t\t\t\t\t\t\t\t<div class=\"elementor-field-group elementor-column elementor-field-type-submit elementor-col-100 e-form__buttons\">\n\t\t\t\t\t<button class=\"elementor-button elementor-size-sm elementor-animation-bob\" type=\"submit\">\n\t\t\t\t\t\t<span class=\"elementor-button-content-wrapper\">\n\t\t\t\t\t\t\t\t\t\t\t\t\t\t\t<span class=\"elementor-button-icon\">\n\t\t\t\t\t\t\t\t\t<i aria-hidden=\"true\" class=\"fas fa-long-arrow-alt-right\"><\/i>\t\t\t\t\t\t\t\t\t\t\t\t\t\t\t\t\t<\/span>\n\t\t\t\t\t\t\t\t\t\t\t\t\t\t\t\t\t\t\t\t\t\t<span class=\"elementor-button-text\">Envoyer<\/span>\n\t\t\t\t\t\t\t\t\t\t\t\t\t<\/span>\n\t\t\t\t\t<\/button>\n\t\t\t\t<\/div>\n\t\t\t<\/div>\n\t\t<\/form>\n\t\t\t\t\t\t<\/div>\n\t\t\t\t<\/div>\n\t\t\t\t\t<\/div>\n\t\t<\/div>\n\t\t\t\t\t<\/div>\n\t\t<\/section>\n\t\t\t\t<section data-dce-background-overlay-image-url=\"https:\/\/kautaq.ca\/wp-content\/uploads\/2022\/07\/kautaq_symbol_5.svg\" class=\"elementor-section elementor-top-section elementor-element elementor-element-b6f017b elementor-section-full_width elementor-reverse-mobile elementor-hidden-mobile elementor-section-height-default elementor-section-height-default\" data-id=\"b6f017b\" data-element_type=\"section\">\n\t\t\t\t\t\t\t<div class=\"elementor-background-overlay\"><\/div>\n\t\t\t\t\t\t\t<div class=\"elementor-container elementor-column-gap-default\">\n\t\t\t\t\t<div class=\"elementor-column elementor-col-50 elementor-top-column elementor-element elementor-element-24de7090 elementor-hidden-mobile\" data-id=\"24de7090\" data-element_type=\"column\" data-settings=\"{&quot;background_background&quot;:&quot;classic&quot;}\">\n\t\t\t<div class=\"elementor-widget-wrap elementor-element-populated\">\n\t\t\t\t\t\t<div class=\"elementor-element elementor-element-27fdc640 elementor-widget elementor-widget-image\" data-id=\"27fdc640\" data-element_type=\"widget\" data-widget_type=\"image.default\">\n\t\t\t\t<div class=\"elementor-widget-container\">\n\t\t\t\t\t\t\t\t\t\t\t\t\t\t\t<img fetchpriority=\"high\" decoding=\"async\" width=\"800\" height=\"492\" src=\"data:image\/gif;base64,R0lGODlhAQABAIAAAAAAAP\/\/\/yH5BAEAAAAALAAAAAABAAEAAAIBRAA7\" data-src=\"https:\/\/kautaq.ca\/wp-content\/uploads\/2022\/10\/Kuujjuarapik-NORDIC.jpg\" class=\"attachment-large size-large wp-image-1822 lazyload\" alt=\"\" data-srcset=\"https:\/\/kautaq.ca\/wp-content\/uploads\/2022\/10\/Kuujjuarapik-NORDIC.jpg 868w, https:\/\/kautaq.ca\/wp-content\/uploads\/2022\/10\/Kuujjuarapik-NORDIC-300x185.jpg 300w, https:\/\/kautaq.ca\/wp-content\/uploads\/2022\/10\/Kuujjuarapik-NORDIC-768x472.jpg 768w\" sizes=\"(max-width: 800px) 100vw, 800px\" \/><noscript><img decoding=\"async\" width=\"800\" height=\"492\" src=\"https:\/\/kautaq.ca\/wp-content\/uploads\/2022\/10\/Kuujjuarapik-NORDIC.jpg\" class=\"attachment-large size-large wp-image-1822 lazyload\" alt=\"\" srcset=\"https:\/\/kautaq.ca\/wp-content\/uploads\/2022\/10\/Kuujjuarapik-NORDIC.jpg 868w, https:\/\/kautaq.ca\/wp-content\/uploads\/2022\/10\/Kuujjuarapik-NORDIC-300x185.jpg 300w, https:\/\/kautaq.ca\/wp-content\/uploads\/2022\/10\/Kuujjuarapik-NORDIC-768x472.jpg 768w\" sizes=\"(max-width: 800px) 100vw, 800px\" \/><\/noscript>\t\t\t\t\t\t\t\t\t\t\t\t\t\t\t<\/div>\n\t\t\t\t<\/div>\n\t\t\t\t<div class=\"elementor-element elementor-element-1aefffe8 elementor-widget elementor-widget-image\" data-id=\"1aefffe8\" data-element_type=\"widget\" data-widget_type=\"image.default\">\n\t\t\t\t<div class=\"elementor-widget-container\">\n\t\t\t\t\t\t\t\t\t\t\t\t\t\t\t<img decoding=\"async\" width=\"800\" height=\"600\" src=\"data:image\/gif;base64,R0lGODlhAQABAIAAAAAAAP\/\/\/yH5BAEAAAAALAAAAAABAAEAAAIBRAA7\" data-src=\"https:\/\/kautaq.ca\/wp-content\/uploads\/2022\/10\/Church-2-1024x768.jpg\" class=\"attachment-large size-large wp-image-1813 lazyload\" alt=\"\" data-srcset=\"https:\/\/kautaq.ca\/wp-content\/uploads\/2022\/10\/Church-2-1024x768.jpg 1024w, https:\/\/kautaq.ca\/wp-content\/uploads\/2022\/10\/Church-2-300x225.jpg 300w, https:\/\/kautaq.ca\/wp-content\/uploads\/2022\/10\/Church-2-768x576.jpg 768w, https:\/\/kautaq.ca\/wp-content\/uploads\/2022\/10\/Church-2-1536x1152.jpg 1536w, https:\/\/kautaq.ca\/wp-content\/uploads\/2022\/10\/Church-2-2048x1536.jpg 2048w\" sizes=\"(max-width: 800px) 100vw, 800px\" \/><noscript><img loading=\"lazy\" decoding=\"async\" width=\"800\" height=\"600\" src=\"https:\/\/kautaq.ca\/wp-content\/uploads\/2022\/10\/Church-2-1024x768.jpg\" class=\"attachment-large size-large wp-image-1813 lazyload\" alt=\"\" srcset=\"https:\/\/kautaq.ca\/wp-content\/uploads\/2022\/10\/Church-2-1024x768.jpg 1024w, https:\/\/kautaq.ca\/wp-content\/uploads\/2022\/10\/Church-2-300x225.jpg 300w, https:\/\/kautaq.ca\/wp-content\/uploads\/2022\/10\/Church-2-768x576.jpg 768w, https:\/\/kautaq.ca\/wp-content\/uploads\/2022\/10\/Church-2-1536x1152.jpg 1536w, https:\/\/kautaq.ca\/wp-content\/uploads\/2022\/10\/Church-2-2048x1536.jpg 2048w\" sizes=\"(max-width: 800px) 100vw, 800px\" \/><\/noscript>\t\t\t\t\t\t\t\t\t\t\t\t\t\t\t<\/div>\n\t\t\t\t<\/div>\n\t\t\t\t\t<\/div>\n\t\t<\/div>\n\t\t\t\t<div class=\"elementor-column elementor-col-50 elementor-top-column elementor-element elementor-element-4c51c9da\" data-id=\"4c51c9da\" data-element_type=\"column\">\n\t\t\t<div class=\"elementor-widget-wrap elementor-element-populated\">\n\t\t\t\t\t\t<div class=\"elementor-element elementor-element-6d69031c elementor-hidden-mobile elementor-widget elementor-widget-image\" data-id=\"6d69031c\" data-element_type=\"widget\" data-widget_type=\"image.default\">\n\t\t\t\t<div class=\"elementor-widget-container\">\n\t\t\t\t\t\t\t\t\t\t\t\t\t\t\t<img loading=\"lazy\" decoding=\"async\" width=\"800\" height=\"600\" src=\"data:image\/gif;base64,R0lGODlhAQABAIAAAAAAAP\/\/\/yH5BAEAAAAALAAAAAABAAEAAAIBRAA7\" data-src=\"https:\/\/kautaq.ca\/wp-content\/uploads\/2022\/10\/Kuujjuaq-cargo-inside-1024x768.jpg\" class=\"attachment-large size-large wp-image-1823 lazyload\" alt=\"\" data-srcset=\"https:\/\/kautaq.ca\/wp-content\/uploads\/2022\/10\/Kuujjuaq-cargo-inside-1024x768.jpg 1024w, https:\/\/kautaq.ca\/wp-content\/uploads\/2022\/10\/Kuujjuaq-cargo-inside-300x225.jpg 300w, https:\/\/kautaq.ca\/wp-content\/uploads\/2022\/10\/Kuujjuaq-cargo-inside-768x576.jpg 768w, https:\/\/kautaq.ca\/wp-content\/uploads\/2022\/10\/Kuujjuaq-cargo-inside-1536x1152.jpg 1536w, https:\/\/kautaq.ca\/wp-content\/uploads\/2022\/10\/Kuujjuaq-cargo-inside-2048x1536.jpg 2048w\" sizes=\"(max-width: 800px) 100vw, 800px\" \/><noscript><img loading=\"lazy\" decoding=\"async\" width=\"800\" height=\"600\" src=\"https:\/\/kautaq.ca\/wp-content\/uploads\/2022\/10\/Kuujjuaq-cargo-inside-1024x768.jpg\" class=\"attachment-large size-large wp-image-1823 lazyload\" alt=\"\" srcset=\"https:\/\/kautaq.ca\/wp-content\/uploads\/2022\/10\/Kuujjuaq-cargo-inside-1024x768.jpg 1024w, https:\/\/kautaq.ca\/wp-content\/uploads\/2022\/10\/Kuujjuaq-cargo-inside-300x225.jpg 300w, https:\/\/kautaq.ca\/wp-content\/uploads\/2022\/10\/Kuujjuaq-cargo-inside-768x576.jpg 768w, https:\/\/kautaq.ca\/wp-content\/uploads\/2022\/10\/Kuujjuaq-cargo-inside-1536x1152.jpg 1536w, https:\/\/kautaq.ca\/wp-content\/uploads\/2022\/10\/Kuujjuaq-cargo-inside-2048x1536.jpg 2048w\" sizes=\"(max-width: 800px) 100vw, 800px\" \/><\/noscript>\t\t\t\t\t\t\t\t\t\t\t\t\t\t\t<\/div>\n\t\t\t\t<\/div>\n\t\t\t\t<section class=\"elementor-section elementor-inner-section elementor-element elementor-element-162532db elementor-section-boxed elementor-section-height-default elementor-section-height-default\" data-id=\"162532db\" data-element_type=\"section\">\n\t\t\t\t\t\t<div class=\"elementor-container elementor-column-gap-default\">\n\t\t\t\t\t<div class=\"elementor-column elementor-col-100 elementor-inner-column elementor-element elementor-element-55c71304\" data-id=\"55c71304\" data-element_type=\"column\">\n\t\t\t<div class=\"elementor-widget-wrap elementor-element-populated\">\n\t\t\t\t\t\t<div class=\"elementor-element elementor-element-3683572c elementor-widget elementor-widget-text-editor\" data-id=\"3683572c\" data-element_type=\"widget\" data-widget_type=\"text-editor.default\">\n\t\t\t\t<div class=\"elementor-widget-container\">\n\t\t\t\t\t\t\t\t\t<p>Nous sommes plus qu&rsquo;heureux de r\u00e9pondre \u00e0 chacune de vos questions, mais la r\u00e9ponse se trouve peut-\u00eatre ailleurs sur notre site !<\/p>\n\t\t\t\t\t\t\t\t<\/div>\n\t\t\t\t<\/div>\n\t\t\t\t<div class=\"elementor-element elementor-element-4158b80 elementor-widget elementor-widget-button\" data-id=\"4158b80\" data-element_type=\"widget\" data-widget_type=\"button.default\">\n\t\t\t\t<div class=\"elementor-widget-container\">\n\t\t\t\t\t\t\t\t\t<div class=\"elementor-button-wrapper\">\n\t\t\t\t\t<a class=\"elementor-button elementor-button-link elementor-size-sm elementor-animation-bob\" href=\"https:\/\/kautaq.ca\/fr\/a-propos\/\">\n\t\t\t\t\t\t<span class=\"elementor-button-content-wrapper\">\n\t\t\t\t\t\t<span class=\"elementor-button-icon\">\n\t\t\t\t<i aria-hidden=\"true\" class=\"fas fa-long-arrow-alt-right\"><\/i>\t\t\t<\/span>\n\t\t\t\t\t\t\t\t\t<span class=\"elementor-button-text\">En savoir plus<\/span>\n\t\t\t\t\t<\/span>\n\t\t\t\t\t<\/a>\n\t\t\t\t<\/div>\n\t\t\t\t\t\t\t\t<\/div>\n\t\t\t\t<\/div>\n\t\t\t\t\t<\/div>\n\t\t<\/div>\n\t\t\t\t\t<\/div>\n\t\t<\/section>\n\t\t\t\t\t<\/div>\n\t\t<\/div>\n\t\t\t\t\t<\/div>\n\t\t<\/section>\n\t\t\t\t<\/div>\n\t\t","protected":false},"excerpt":{"rendered":"<p>Contactez Kautaq Construction Pour en savoir plus sur nos services, remplissez notre formulaire et nous vous r\u00e9pondrons dans les plus brefs d\u00e9lais. Nous nous r\u00e9jouissons de vous entendre et de vous aider \u00e0 r\u00e9aliser tous vos projets! Nous sommes plus qu&rsquo;heureux de r\u00e9pondre \u00e0 chacune de vos questions, mais la r\u00e9ponse se trouve peut-\u00eatre ailleurs [&hellip;]<\/p>\n","protected":false},"author":1,"featured_media":0,"parent":0,"menu_order":0,"comment_status":"closed","ping_status":"closed","template":"elementor_header_footer","meta":{"_acf_changed":false,"footnotes":""},"class_list":["post-2276","page","type-page","status-publish","hentry"],"acf":[],"_links":{"self":[{"href":"https:\/\/kautaq.ca\/fr\/wp-json\/wp\/v2\/pages\/2276","targetHints":{"allow":["GET"]}}],"collection":[{"href":"https:\/\/kautaq.ca\/fr\/wp-json\/wp\/v2\/pages"}],"about":[{"href":"https:\/\/kautaq.ca\/fr\/wp-json\/wp\/v2\/types\/page"}],"author":[{"embeddable":true,"href":"https:\/\/kautaq.ca\/fr\/wp-json\/wp\/v2\/users\/1"}],"replies":[{"embeddable":true,"href":"https:\/\/kautaq.ca\/fr\/wp-json\/wp\/v2\/comments?post=2276"}],"version-history":[{"count":10,"href":"https:\/\/kautaq.ca\/fr\/wp-json\/wp\/v2\/pages\/2276\/revisions"}],"predecessor-version":[{"id":2562,"href":"https:\/\/kautaq.ca\/fr\/wp-json\/wp\/v2\/pages\/2276\/revisions\/2562"}],"wp:attachment":[{"href":"https:\/\/kautaq.ca\/fr\/wp-json\/wp\/v2\/media?parent=2276"}],"curies":[{"name":"wp","href":"https:\/\/api.w.org\/{rel}","templated":true}]}}