{"id":2284,"date":"2022-10-21T12:28:54","date_gmt":"2022-10-21T12:28:54","guid":{"rendered":"https:\/\/kautaq.ca\/comment-travailler-dans-le-domaine-de-la-construction\/"},"modified":"2023-01-18T16:23:55","modified_gmt":"2023-01-18T16:23:55","slug":"comment-travailler-dans-le-domaine-de-la-construction","status":"publish","type":"page","link":"https:\/\/kautaq.ca\/fr\/comment-travailler-dans-le-domaine-de-la-construction\/","title":{"rendered":"Comment travailler dans le domaine de la construction?"},"content":{"rendered":"\t\t<div data-elementor-type=\"wp-page\" data-elementor-id=\"2284\" class=\"elementor elementor-2284 elementor-1017\" data-elementor-post-type=\"page\">\n\t\t\t\t\t\t<section class=\"elementor-section elementor-top-section elementor-element elementor-element-532fd75 elementor-section-full_width elementor-section-height-min-height elementor-section-items-stretch elementor-section-content-middle elementor-reverse-mobile elementor-section-height-default\" data-id=\"532fd75\" data-element_type=\"section\">\n\t\t\t\t\t\t\t<div class=\"elementor-background-overlay\"><\/div>\n\t\t\t\t\t\t\t<div class=\"elementor-container elementor-column-gap-default\">\n\t\t\t\t\t<div class=\"elementor-column elementor-col-50 elementor-top-column elementor-element elementor-element-79c516f\" data-id=\"79c516f\" data-element_type=\"column\" data-settings=\"{&quot;background_background&quot;:&quot;classic&quot;}\">\n\t\t\t<div class=\"elementor-widget-wrap elementor-element-populated\">\n\t\t\t\t\t\t<div class=\"elementor-element elementor-element-65dbd69 elementor-widget elementor-widget-heading\" data-id=\"65dbd69\" data-element_type=\"widget\" data-widget_type=\"heading.default\">\n\t\t\t\t<div class=\"elementor-widget-container\">\n\t\t\t\t\t<h1 class=\"elementor-heading-title elementor-size-default\">Comment \ntravailler dans le domaine de la construction ?<\/h1>\t\t\t\t<\/div>\n\t\t\t\t<\/div>\n\t\t\t\t<div class=\"elementor-element elementor-element-693e6ae elementor-widget elementor-widget-text-editor\" data-id=\"693e6ae\" data-element_type=\"widget\" data-widget_type=\"text-editor.default\">\n\t\t\t\t<div class=\"elementor-widget-container\">\n\t\t\t\t\t\t\t\t\t<p>Il y a certaines choses que vous devez savoir avant de faire le saut dans l&rsquo;industrie de la construction! Voyons si vous avez les qualifications requises pour rejoindre notre \u00e9quipe!<\/p>\n\t\t\t\t\t\t\t\t<\/div>\n\t\t\t\t<\/div>\n\t\t\t\t<div class=\"elementor-element elementor-element-8d856ec elementor-tablet-align-left elementor-widget elementor-widget-button\" data-id=\"8d856ec\" data-element_type=\"widget\" data-widget_type=\"button.default\">\n\t\t\t\t<div class=\"elementor-widget-container\">\n\t\t\t\t\t\t\t\t\t<div class=\"elementor-button-wrapper\">\n\t\t\t\t\t<a class=\"elementor-button elementor-button-link elementor-size-sm elementor-animation-bob\" href=\"#read\">\n\t\t\t\t\t\t<span class=\"elementor-button-content-wrapper\">\n\t\t\t\t\t\t<span class=\"elementor-button-icon\">\n\t\t\t\t<i aria-hidden=\"true\" class=\"fas fa-long-arrow-alt-down\"><\/i>\t\t\t<\/span>\n\t\t\t\t\t\t\t\t\t<span class=\"elementor-button-text\">Lire<\/span>\n\t\t\t\t\t<\/span>\n\t\t\t\t\t<\/a>\n\t\t\t\t<\/div>\n\t\t\t\t\t\t\t\t<\/div>\n\t\t\t\t<\/div>\n\t\t\t\t\t<\/div>\n\t\t<\/div>\n\t\t\t\t<div data-dce-background-image-url=\"https:\/\/kautaq.ca\/wp-content\/uploads\/2022\/10\/Excavator-scaled.jpg\" class=\"elementor-column elementor-col-50 elementor-top-column elementor-element elementor-element-5b9816a\" data-id=\"5b9816a\" data-element_type=\"column\" data-settings=\"{&quot;background_background&quot;:&quot;classic&quot;}\">\n\t\t\t<div class=\"elementor-widget-wrap elementor-element-populated\">\n\t\t\t\t\t\t<div class=\"elementor-element elementor-element-e2832fa elementor-widget elementor-widget-spacer\" data-id=\"e2832fa\" data-element_type=\"widget\" data-widget_type=\"spacer.default\">\n\t\t\t\t<div class=\"elementor-widget-container\">\n\t\t\t\t\t\t\t<div class=\"elementor-spacer\">\n\t\t\t<div class=\"elementor-spacer-inner\"><\/div>\n\t\t<\/div>\n\t\t\t\t\t\t<\/div>\n\t\t\t\t<\/div>\n\t\t\t\t\t<\/div>\n\t\t<\/div>\n\t\t\t\t\t<\/div>\n\t\t<\/section>\n\t\t\t\t<section data-dce-background-overlay-image-url=\"https:\/\/kautaq.ca\/wp-content\/uploads\/2022\/07\/kautaq_pattern-1-a.svg\" class=\"elementor-section elementor-top-section elementor-element elementor-element-2eea7a5 elementor-section-height-min-height elementor-section-items-stretch elementor-reverse-mobile elementor-section-boxed elementor-section-height-default\" data-id=\"2eea7a5\" data-element_type=\"section\" id=\"read\">\n\t\t\t\t\t\t\t<div class=\"elementor-background-overlay\"><\/div>\n\t\t\t\t\t\t\t<div class=\"elementor-container elementor-column-gap-default\">\n\t\t\t\t\t<div class=\"elementor-column elementor-col-50 elementor-top-column elementor-element elementor-element-22ad8c6\" data-id=\"22ad8c6\" data-element_type=\"column\" data-settings=\"{&quot;background_background&quot;:&quot;classic&quot;}\">\n\t\t\t<div class=\"elementor-widget-wrap elementor-element-populated\">\n\t\t\t\t\t\t<div class=\"elementor-element elementor-element-3244519 elementor-widget elementor-widget-image\" data-id=\"3244519\" data-element_type=\"widget\" data-widget_type=\"image.default\">\n\t\t\t\t<div class=\"elementor-widget-container\">\n\t\t\t\t\t\t\t\t\t\t\t\t\t\t\t<img fetchpriority=\"high\" decoding=\"async\" width=\"640\" height=\"478\" src=\"data:image\/gif;base64,R0lGODlhAQABAIAAAAAAAP\/\/\/yH5BAEAAAAALAAAAAABAAEAAAIBRAA7\" data-src=\"https:\/\/kautaq.ca\/wp-content\/uploads\/2022\/07\/Team.jpg\" class=\"attachment-large size-large wp-image-1738 lazyload\" alt=\"\" data-srcset=\"https:\/\/kautaq.ca\/wp-content\/uploads\/2022\/07\/Team.jpg 640w, https:\/\/kautaq.ca\/wp-content\/uploads\/2022\/07\/Team-300x224.jpg 300w\" sizes=\"(max-width: 640px) 100vw, 640px\" \/><noscript><img decoding=\"async\" width=\"640\" height=\"478\" src=\"https:\/\/kautaq.ca\/wp-content\/uploads\/2022\/07\/Team.jpg\" class=\"attachment-large size-large wp-image-1738 lazyload\" alt=\"\" srcset=\"https:\/\/kautaq.ca\/wp-content\/uploads\/2022\/07\/Team.jpg 640w, https:\/\/kautaq.ca\/wp-content\/uploads\/2022\/07\/Team-300x224.jpg 300w\" sizes=\"(max-width: 640px) 100vw, 640px\" \/><\/noscript>\t\t\t\t\t\t\t\t\t\t\t\t\t\t\t<\/div>\n\t\t\t\t<\/div>\n\t\t\t\t\t<\/div>\n\t\t<\/div>\n\t\t\t\t<div data-dce-background-color=\"#FFFFFF\" class=\"elementor-column elementor-col-50 elementor-top-column elementor-element elementor-element-9687eeb\" data-id=\"9687eeb\" data-element_type=\"column\" data-settings=\"{&quot;background_background&quot;:&quot;classic&quot;}\">\n\t\t\t<div class=\"elementor-widget-wrap elementor-element-populated\">\n\t\t\t\t\t\t<div class=\"elementor-element elementor-element-cf842ce elementor-widget elementor-widget-heading\" data-id=\"cf842ce\" data-element_type=\"widget\" data-widget_type=\"heading.default\">\n\t\t\t\t<div class=\"elementor-widget-container\">\n\t\t\t\t\t<h2 class=\"elementor-heading-title elementor-size-default\">Ce dont vous avez besoin<\/h2>\t\t\t\t<\/div>\n\t\t\t\t<\/div>\n\t\t\t\t\t<\/div>\n\t\t<\/div>\n\t\t\t\t\t<\/div>\n\t\t<\/section>\n\t\t\t\t<section class=\"elementor-section elementor-top-section elementor-element elementor-element-94ceece elementor-section-height-min-height elementor-section-items-stretch elementor-reverse-mobile elementor-section-boxed elementor-section-height-default\" data-id=\"94ceece\" data-element_type=\"section\">\n\t\t\t\t\t\t<div class=\"elementor-container elementor-column-gap-default\">\n\t\t\t\t\t<div class=\"elementor-column elementor-col-50 elementor-top-column elementor-element elementor-element-c1c2653\" data-id=\"c1c2653\" data-element_type=\"column\">\n\t\t\t<div class=\"elementor-widget-wrap elementor-element-populated\">\n\t\t\t\t\t\t<div class=\"elementor-element elementor-element-2b55ea9 elementor-widget elementor-widget-image\" data-id=\"2b55ea9\" data-element_type=\"widget\" data-widget_type=\"image.default\">\n\t\t\t\t<div class=\"elementor-widget-container\">\n\t\t\t\t\t\t\t\t\t\t\t\t\t\t\t<img decoding=\"async\" class=\"lazyload\" src=\"data:image\/gif;base64,R0lGODlhAQABAIAAAAAAAP\/\/\/yH5BAEAAAAALAAAAAABAAEAAAIBRAA7\" data-src=\"https:\/\/kautaq.ca\/wp-content\/uploads\/elementor\/thumbs\/20210827_105510-pwgfhcjicqu6jn0s5gvem84wygvav09bigkgvl758g.jpg\" title=\"20210827_105510\" alt=\"20210827_105510\" loading=\"lazy\" \/><noscript><img decoding=\"async\" class=\"lazyload\" src=\"https:\/\/kautaq.ca\/wp-content\/uploads\/elementor\/thumbs\/20210827_105510-pwgfhcjicqu6jn0s5gvem84wygvav09bigkgvl758g.jpg\" title=\"20210827_105510\" alt=\"20210827_105510\" loading=\"lazy\" \/><\/noscript>\t\t\t\t\t\t\t\t\t\t\t\t\t\t\t<\/div>\n\t\t\t\t<\/div>\n\t\t\t\t\t<\/div>\n\t\t<\/div>\n\t\t\t\t<div data-dce-background-color=\"#FFFFFF\" class=\"elementor-column elementor-col-50 elementor-top-column elementor-element elementor-element-5459160\" data-id=\"5459160\" data-element_type=\"column\" data-settings=\"{&quot;background_background&quot;:&quot;classic&quot;}\">\n\t\t\t<div class=\"elementor-widget-wrap elementor-element-populated\">\n\t\t\t\t\t\t<div class=\"elementor-element elementor-element-5edacdc elementor-widget elementor-widget-menu-anchor\" data-id=\"5edacdc\" data-element_type=\"widget\" data-widget_type=\"menu-anchor.default\">\n\t\t\t\t<div class=\"elementor-widget-container\">\n\t\t\t\t\t\t\t<div class=\"elementor-menu-anchor\" id=\"info\"><\/div>\n\t\t\t\t\t\t<\/div>\n\t\t\t\t<\/div>\n\t\t\t\t<div class=\"elementor-element elementor-element-18575fb elementor-widget elementor-widget-heading\" data-id=\"18575fb\" data-element_type=\"widget\" data-widget_type=\"heading.default\">\n\t\t\t\t<div class=\"elementor-widget-container\">\n\t\t\t\t\t<h3 class=\"elementor-heading-title elementor-size-default\">1. Carte ASP<\/h3>\t\t\t\t<\/div>\n\t\t\t\t<\/div>\n\t\t\t\t<div class=\"elementor-element elementor-element-bb78bde elementor-widget elementor-widget-text-editor\" data-id=\"bb78bde\" data-element_type=\"widget\" data-widget_type=\"text-editor.default\">\n\t\t\t\t<div class=\"elementor-widget-container\">\n\t\t\t\t\t\t\t\t\t<p>Pour travailler sur un chantier de construction comme ouvrier au Qu\u00e9bec, vous devez d&rsquo;abord suivre une formation de 30 heures sur la s\u00e9curit\u00e9 des chantiers de construction. Une fois cette formation compl\u00e9t\u00e9e, vous obtiendrez une <strong>carte ASP<\/strong> qui vous permettra de travailler sur des chantiers de construction. Cette formation est offerte au Nunavik plusieurs fois par ann\u00e9e dans plusieurs communaut\u00e9s.<\/p>\n<p>Information sur les horaires des formations et l\u2019inscription \u00e0 celles-ci :<\/p>\n\t\t\t\t\t\t\t\t<\/div>\n\t\t\t\t<\/div>\n\t\t\t\t<div class=\"elementor-element elementor-element-652748c elementor-icon-list--layout-traditional elementor-list-item-link-full_width elementor-widget elementor-widget-icon-list\" data-id=\"652748c\" data-element_type=\"widget\" data-widget_type=\"icon-list.default\">\n\t\t\t\t<div class=\"elementor-widget-container\">\n\t\t\t\t\t\t\t<ul class=\"elementor-icon-list-items\">\n\t\t\t\t\t\t\t<li class=\"elementor-icon-list-item\">\n\t\t\t\t\t\t\t\t\t\t\t<a href=\"tel:1%20800%20361-2244\">\n\n\t\t\t\t\t\t\t\t\t\t\t\t<span class=\"elementor-icon-list-icon\">\n\t\t\t\t\t\t\t<i aria-hidden=\"true\" class=\"fas fa-phone-alt\"><\/i>\t\t\t\t\t\t<\/span>\n\t\t\t\t\t\t\t\t\t\t<span class=\"elementor-icon-list-text\">1 800 361-2244<\/span>\n\t\t\t\t\t\t\t\t\t\t\t<\/a>\n\t\t\t\t\t\t\t\t\t<\/li>\n\t\t\t\t\t\t<\/ul>\n\t\t\t\t\t\t<\/div>\n\t\t\t\t<\/div>\n\t\t\t\t<div class=\"elementor-element elementor-element-cb47a54 elementor-widget elementor-widget-text-editor\" data-id=\"cb47a54\" data-element_type=\"widget\" data-widget_type=\"text-editor.default\">\n\t\t\t\t<div class=\"elementor-widget-container\">\n\t\t\t\t\t\t\t\t\t<p>D\u00e9partement d\u2019\u00e9ducation aux adultes de la Commission scolaire r\u00e9gionale (Kativik Ilisarniliriniq)<\/p>\n\t\t\t\t\t\t\t\t<\/div>\n\t\t\t\t<\/div>\n\t\t\t\t<div class=\"elementor-element elementor-element-c7cd202 elementor-icon-list--layout-traditional elementor-list-item-link-full_width elementor-widget elementor-widget-icon-list\" data-id=\"c7cd202\" data-element_type=\"widget\" data-widget_type=\"icon-list.default\">\n\t\t\t\t<div class=\"elementor-widget-container\">\n\t\t\t\t\t\t\t<ul class=\"elementor-icon-list-items\">\n\t\t\t\t\t\t\t<li class=\"elementor-icon-list-item\">\n\t\t\t\t\t\t\t\t\t\t\t<a href=\"tel:1%20877%20964-2961\">\n\n\t\t\t\t\t\t\t\t\t\t\t\t<span class=\"elementor-icon-list-icon\">\n\t\t\t\t\t\t\t<i aria-hidden=\"true\" class=\"fas fa-phone-alt\"><\/i>\t\t\t\t\t\t<\/span>\n\t\t\t\t\t\t\t\t\t\t<span class=\"elementor-icon-list-text\">1 877 964-2961<\/span>\n\t\t\t\t\t\t\t\t\t\t\t<\/a>\n\t\t\t\t\t\t\t\t\t<\/li>\n\t\t\t\t\t\t<\/ul>\n\t\t\t\t\t\t<\/div>\n\t\t\t\t<\/div>\n\t\t\t\t<div class=\"elementor-element elementor-element-55c43a0 elementor-widget elementor-widget-text-editor\" data-id=\"55c43a0\" data-element_type=\"widget\" data-widget_type=\"text-editor.default\">\n\t\t\t\t<div class=\"elementor-widget-container\">\n\t\t\t\t\t\t\t\t\t<p>D\u00e9partement Sanajiit de l\u2019ARK (Gouvernement regional Kativik)<\/p>\n\t\t\t\t\t\t\t\t<\/div>\n\t\t\t\t<\/div>\n\t\t\t\t<div class=\"elementor-element elementor-element-c0096dc elementor-widget elementor-widget-text-editor\" data-id=\"c0096dc\" data-element_type=\"widget\" data-widget_type=\"text-editor.default\">\n\t\t\t\t<div class=\"elementor-widget-container\">\n\t\t\t\t\t\t\t\t\t<p>Prendre note que vous devez \u00eatre \u00e2g\u00e9 d\u2019<strong>au moins 16 ans<\/strong> pour participer \u00e0 la formation.<\/p>\n\t\t\t\t\t\t\t\t<\/div>\n\t\t\t\t<\/div>\n\t\t\t\t\t<\/div>\n\t\t<\/div>\n\t\t\t\t\t<\/div>\n\t\t<\/section>\n\t\t\t\t<section class=\"elementor-section elementor-top-section elementor-element elementor-element-a3d8f0c elementor-section-height-min-height elementor-section-items-stretch elementor-reverse-mobile elementor-section-boxed elementor-section-height-default\" data-id=\"a3d8f0c\" data-element_type=\"section\">\n\t\t\t\t\t\t<div class=\"elementor-container elementor-column-gap-default\">\n\t\t\t\t\t<div data-dce-background-color=\"#FFFFFF\" class=\"elementor-column elementor-col-50 elementor-top-column elementor-element elementor-element-70ebeb1\" data-id=\"70ebeb1\" data-element_type=\"column\" data-settings=\"{&quot;background_background&quot;:&quot;classic&quot;}\">\n\t\t\t<div class=\"elementor-widget-wrap elementor-element-populated\">\n\t\t\t\t\t\t<div class=\"elementor-element elementor-element-e405886 elementor-widget elementor-widget-heading\" data-id=\"e405886\" data-element_type=\"widget\" data-widget_type=\"heading.default\">\n\t\t\t\t<div class=\"elementor-widget-container\">\n\t\t\t\t\t<h2 class=\"elementor-heading-title elementor-size-default\">2. Certificats de comp\u00e9tences CCQ<\/h2>\t\t\t\t<\/div>\n\t\t\t\t<\/div>\n\t\t\t\t<div class=\"elementor-element elementor-element-246b6ac elementor-widget elementor-widget-text-editor\" data-id=\"246b6ac\" data-element_type=\"widget\" data-widget_type=\"text-editor.default\">\n\t\t\t\t<div class=\"elementor-widget-container\">\n\t\t\t\t\t\t\t\t\t<p>La deuxi\u00e8me certification requise pour travailler sur un chantier de construction est le <strong>certificat de comp\u00e9tence d\u00e9livr\u00e9 par la CCQ<\/strong>. La CCQ (Commission de la construction du Qu\u00e9bec) d\u00e9livre diff\u00e9rentes cartes de comp\u00e9tences selon le type de travail que vous d\u00e9sirez faire (charpentier-menuisier, op\u00e9rateur de machinerie lourde, peintre, tireur de joint, ferrailleur, etc.) et votre niveau d&rsquo;exp\u00e9rience (apprenti ou compagnon).<\/p>\n<p>Cependant, si vous n&rsquo;avez pas compl\u00e9t\u00e9 ces \u00e9tudes, il est toujours possible d&rsquo;obtenir une carte de comp\u00e9tence en faisant une demande \u00e0 la CCQ accompagn\u00e9e d&rsquo;<strong>une garantie d&#8217;emploi de 150 heures<\/strong> offerte par un employeur de la construction. Nous vous invitons donc \u00e0 nous contacter directement si vous souhaitez obtenir une carte CCQ afin que nous puissions vous accompagner dans vos d\u00e9marches.<\/p>\n\t\t\t\t\t\t\t\t<\/div>\n\t\t\t\t<\/div>\n\t\t\t\t\t<\/div>\n\t\t<\/div>\n\t\t\t\t<div class=\"elementor-column elementor-col-50 elementor-top-column elementor-element elementor-element-33c256b\" data-id=\"33c256b\" data-element_type=\"column\">\n\t\t\t<div class=\"elementor-widget-wrap elementor-element-populated\">\n\t\t\t\t\t\t<div class=\"elementor-element elementor-element-b3c4c74 elementor-widget elementor-widget-image\" data-id=\"b3c4c74\" data-element_type=\"widget\" data-widget_type=\"image.default\">\n\t\t\t\t<div class=\"elementor-widget-container\">\n\t\t\t\t\t\t\t\t\t\t\t\t\t\t\t<img decoding=\"async\" class=\"lazyload\" src=\"data:image\/gif;base64,R0lGODlhAQABAIAAAAAAAP\/\/\/yH5BAEAAAAALAAAAAABAAEAAAIBRAA7\" data-src=\"https:\/\/kautaq.ca\/wp-content\/uploads\/elementor\/thumbs\/DSC_0455-scaled-pwggcjsofmc9jnuxdd9qzxj3v9ak12ca0oqvinewq0.jpg\" title=\"DSC_0455\" alt=\"DSC_0455\" loading=\"lazy\" \/><noscript><img decoding=\"async\" class=\"lazyload\" src=\"https:\/\/kautaq.ca\/wp-content\/uploads\/elementor\/thumbs\/DSC_0455-scaled-pwggcjsofmc9jnuxdd9qzxj3v9ak12ca0oqvinewq0.jpg\" title=\"DSC_0455\" alt=\"DSC_0455\" loading=\"lazy\" \/><\/noscript>\t\t\t\t\t\t\t\t\t\t\t\t\t\t\t<\/div>\n\t\t\t\t<\/div>\n\t\t\t\t\t<\/div>\n\t\t<\/div>\n\t\t\t\t\t<\/div>\n\t\t<\/section>\n\t\t\t\t<section class=\"elementor-section elementor-top-section elementor-element elementor-element-bb5ba4a elementor-section-height-min-height elementor-section-items-stretch elementor-reverse-mobile elementor-section-boxed elementor-section-height-default\" data-id=\"bb5ba4a\" data-element_type=\"section\">\n\t\t\t\t\t\t<div class=\"elementor-container elementor-column-gap-default\">\n\t\t\t\t\t<div class=\"elementor-column elementor-col-50 elementor-top-column elementor-element elementor-element-f6d07bc\" data-id=\"f6d07bc\" data-element_type=\"column\">\n\t\t\t<div class=\"elementor-widget-wrap elementor-element-populated\">\n\t\t\t\t\t\t<div class=\"elementor-element elementor-element-540fd96 elementor-widget elementor-widget-image\" data-id=\"540fd96\" data-element_type=\"widget\" data-widget_type=\"image.default\">\n\t\t\t\t<div class=\"elementor-widget-container\">\n\t\t\t\t\t\t\t\t\t\t\t\t\t\t\t<img decoding=\"async\" width=\"800\" height=\"600\" src=\"data:image\/gif;base64,R0lGODlhAQABAIAAAAAAAP\/\/\/yH5BAEAAAAALAAAAAABAAEAAAIBRAA7\" data-src=\"https:\/\/kautaq.ca\/wp-content\/uploads\/2022\/10\/Church-2-1-1024x768.jpg\" class=\"attachment-large size-large wp-image-1826 lazyload\" alt=\"\" data-srcset=\"https:\/\/kautaq.ca\/wp-content\/uploads\/2022\/10\/Church-2-1-1024x768.jpg 1024w, https:\/\/kautaq.ca\/wp-content\/uploads\/2022\/10\/Church-2-1-300x225.jpg 300w, https:\/\/kautaq.ca\/wp-content\/uploads\/2022\/10\/Church-2-1-768x576.jpg 768w, https:\/\/kautaq.ca\/wp-content\/uploads\/2022\/10\/Church-2-1-1536x1152.jpg 1536w, https:\/\/kautaq.ca\/wp-content\/uploads\/2022\/10\/Church-2-1-2048x1536.jpg 2048w\" sizes=\"(max-width: 800px) 100vw, 800px\" \/><noscript><img loading=\"lazy\" decoding=\"async\" width=\"800\" height=\"600\" src=\"https:\/\/kautaq.ca\/wp-content\/uploads\/2022\/10\/Church-2-1-1024x768.jpg\" class=\"attachment-large size-large wp-image-1826 lazyload\" alt=\"\" srcset=\"https:\/\/kautaq.ca\/wp-content\/uploads\/2022\/10\/Church-2-1-1024x768.jpg 1024w, https:\/\/kautaq.ca\/wp-content\/uploads\/2022\/10\/Church-2-1-300x225.jpg 300w, https:\/\/kautaq.ca\/wp-content\/uploads\/2022\/10\/Church-2-1-768x576.jpg 768w, https:\/\/kautaq.ca\/wp-content\/uploads\/2022\/10\/Church-2-1-1536x1152.jpg 1536w, https:\/\/kautaq.ca\/wp-content\/uploads\/2022\/10\/Church-2-1-2048x1536.jpg 2048w\" sizes=\"(max-width: 800px) 100vw, 800px\" \/><\/noscript>\t\t\t\t\t\t\t\t\t\t\t\t\t\t\t<\/div>\n\t\t\t\t<\/div>\n\t\t\t\t\t<\/div>\n\t\t<\/div>\n\t\t\t\t<div data-dce-background-color=\"#FFFFFF\" class=\"elementor-column elementor-col-50 elementor-top-column elementor-element elementor-element-890412f\" data-id=\"890412f\" data-element_type=\"column\" data-settings=\"{&quot;background_background&quot;:&quot;classic&quot;}\">\n\t\t\t<div class=\"elementor-widget-wrap elementor-element-populated\">\n\t\t\t\t\t\t<div class=\"elementor-element elementor-element-0327de6 elementor-widget elementor-widget-heading\" data-id=\"0327de6\" data-element_type=\"widget\" data-widget_type=\"heading.default\">\n\t\t\t\t<div class=\"elementor-widget-container\">\n\t\t\t\t\t<h2 class=\"elementor-heading-title elementor-size-default\">3. Apprenti vs Compagnon\n<\/h2>\t\t\t\t<\/div>\n\t\t\t\t<\/div>\n\t\t\t\t<div class=\"elementor-element elementor-element-1314333 elementor-widget elementor-widget-text-editor\" data-id=\"1314333\" data-element_type=\"widget\" data-widget_type=\"text-editor.default\">\n\t\t\t\t<div class=\"elementor-widget-container\">\n\t\t\t\t\t\t\t\t\t<p>Les m\u00e9tiers de la construction r\u00e9gis par la CCQ ont diff\u00e9rents niveaux d&rsquo;apprentissage. En g\u00e9n\u00e9ral, <strong>il existe 3 niveaux<\/strong> de cat\u00e9gorie apprenti (1, 2 et 3) ainsi qu&rsquo;un niveau final qui est la cat\u00e9gorie \u00ab compagnon \u00bb. <\/p>\n<p>Vous commencerez donc votre m\u00e9tier comme apprenti 1 et une fois un certain nombre d&rsquo;heures de travail r\u00e9alis\u00e9, vous passerez \u00e0 la cat\u00e9gorie suivante et ainsi de suite jusqu&rsquo;\u00e0 ce que vous atteigniez le statut de compagnon. Chaque niveau est associ\u00e9 \u00e0 un taux horaire et donc \u00e0 un salaire sp\u00e9cifique et celui-ci varie lorsque vous passez \u00e0 un niveau sup\u00e9rieur.<\/p>\n<p><strong>Il est donc tr\u00e8s important de bien suivre votre dossier CCQ et d&rsquo;aviser votre employeur lorsque vous changez de cat\u00e9gorie afin que votre salaire soit augment\u00e9 en cons\u00e9quence.<\/strong><\/p>\n\t\t\t\t\t\t\t\t<\/div>\n\t\t\t\t<\/div>\n\t\t\t\t\t<\/div>\n\t\t<\/div>\n\t\t\t\t\t<\/div>\n\t\t<\/section>\n\t\t\t\t<section data-dce-background-overlay-image-url=\"https:\/\/kautaq.ca\/wp-content\/uploads\/2022\/07\/kautaq_pattern-1-a.svg\" class=\"elementor-section elementor-top-section elementor-element elementor-element-a8e82e1 elementor-section-content-middle elementor-reverse-tablet elementor-reverse-mobile elementor-section-boxed elementor-section-height-default elementor-section-height-default\" data-id=\"a8e82e1\" data-element_type=\"section\" data-settings=\"{&quot;background_background&quot;:&quot;classic&quot;}\">\n\t\t\t\t\t\t\t<div class=\"elementor-background-overlay\"><\/div>\n\t\t\t\t\t\t\t<div class=\"elementor-container elementor-column-gap-default\">\n\t\t\t\t\t<div class=\"elementor-column elementor-col-100 elementor-top-column elementor-element elementor-element-72a63e8\" data-id=\"72a63e8\" data-element_type=\"column\" data-settings=\"{&quot;background_background&quot;:&quot;classic&quot;}\">\n\t\t\t<div class=\"elementor-widget-wrap elementor-element-populated\">\n\t\t\t\t\t\t<div class=\"elementor-element elementor-element-fdb2d04 elementor-widget elementor-widget-icon-box\" data-id=\"fdb2d04\" data-element_type=\"widget\" data-widget_type=\"icon-box.default\">\n\t\t\t\t<div class=\"elementor-widget-container\">\n\t\t\t\t\t\t\t<div class=\"elementor-icon-box-wrapper\">\n\n\t\t\t\n\t\t\t\t\t\t<div class=\"elementor-icon-box-content\">\n\n\t\t\t\t\t\t\t\t\t<h3 class=\"elementor-icon-box-title\">\n\t\t\t\t\t\t<span  >\n\t\t\t\t\t\t\tVOUS D\u00c9SIREZ TRAVAILLER DANS LE DOMAINE DE LA CONSTRUCTION?\t\t\t\t\t\t<\/span>\n\t\t\t\t\t<\/h3>\n\t\t\t\t\n\t\t\t\t\t\t\t\t\t<p class=\"elementor-icon-box-description\">\n\t\t\t\t\t\tPour plus d\u2019informations, visitez le site internet de la CCQ pour en apprendre davantage sur les diff\u00e9rents emplois disponibles sur les chantiers de construction.\t\t\t\t\t<\/p>\n\t\t\t\t\n\t\t\t<\/div>\n\t\t\t\n\t\t<\/div>\n\t\t\t\t\t\t<\/div>\n\t\t\t\t<\/div>\n\t\t\t\t<div class=\"elementor-element elementor-element-8b396e0 elementor-align-center elementor-widget elementor-widget-button\" data-id=\"8b396e0\" data-element_type=\"widget\" data-widget_type=\"button.default\">\n\t\t\t\t<div class=\"elementor-widget-container\">\n\t\t\t\t\t\t\t\t\t<div class=\"elementor-button-wrapper\">\n\t\t\t\t\t<a class=\"elementor-button elementor-button-link elementor-size-sm elementor-animation-bob\" href=\"https:\/\/www.ccq.org\/en\" target=\"_blank\">\n\t\t\t\t\t\t<span class=\"elementor-button-content-wrapper\">\n\t\t\t\t\t\t<span class=\"elementor-button-icon\">\n\t\t\t\t<i aria-hidden=\"true\" class=\"fas fa-long-arrow-alt-right\"><\/i>\t\t\t<\/span>\n\t\t\t\t\t\t\t\t\t<span class=\"elementor-button-text\">en savoir plus<\/span>\n\t\t\t\t\t<\/span>\n\t\t\t\t\t<\/a>\n\t\t\t\t<\/div>\n\t\t\t\t\t\t\t\t<\/div>\n\t\t\t\t<\/div>\n\t\t\t\t\t<\/div>\n\t\t<\/div>\n\t\t\t\t\t<\/div>\n\t\t<\/section>\n\t\t\t\t<\/div>\n\t\t","protected":false},"excerpt":{"rendered":"<p>Comment travailler dans le domaine de la construction ? Il y a certaines choses que vous devez savoir avant de faire le saut dans l&rsquo;industrie de la construction! Voyons si vous avez les qualifications requises pour rejoindre notre \u00e9quipe! Lire Ce dont vous avez besoin 1. Carte ASP Pour travailler sur un chantier de construction [&hellip;]<\/p>\n","protected":false},"author":2,"featured_media":0,"parent":0,"menu_order":0,"comment_status":"closed","ping_status":"closed","template":"","meta":{"_acf_changed":false,"footnotes":""},"class_list":["post-2284","page","type-page","status-publish","hentry"],"acf":[],"_links":{"self":[{"href":"https:\/\/kautaq.ca\/fr\/wp-json\/wp\/v2\/pages\/2284","targetHints":{"allow":["GET"]}}],"collection":[{"href":"https:\/\/kautaq.ca\/fr\/wp-json\/wp\/v2\/pages"}],"about":[{"href":"https:\/\/kautaq.ca\/fr\/wp-json\/wp\/v2\/types\/page"}],"author":[{"embeddable":true,"href":"https:\/\/kautaq.ca\/fr\/wp-json\/wp\/v2\/users\/2"}],"replies":[{"embeddable":true,"href":"https:\/\/kautaq.ca\/fr\/wp-json\/wp\/v2\/comments?post=2284"}],"version-history":[{"count":5,"href":"https:\/\/kautaq.ca\/fr\/wp-json\/wp\/v2\/pages\/2284\/revisions"}],"predecessor-version":[{"id":2571,"href":"https:\/\/kautaq.ca\/fr\/wp-json\/wp\/v2\/pages\/2284\/revisions\/2571"}],"wp:attachment":[{"href":"https:\/\/kautaq.ca\/fr\/wp-json\/wp\/v2\/media?parent=2284"}],"curies":[{"name":"wp","href":"https:\/\/api.w.org\/{rel}","templated":true}]}}