{"id":2288,"date":"2022-10-20T18:29:12","date_gmt":"2022-10-20T18:29:12","guid":{"rendered":"https:\/\/kautaq.ca\/emplois\/"},"modified":"2023-01-18T16:25:06","modified_gmt":"2023-01-18T16:25:06","slug":"emplois","status":"publish","type":"page","link":"https:\/\/kautaq.ca\/fr\/emplois\/","title":{"rendered":"Emplois"},"content":{"rendered":"\t\t<div data-elementor-type=\"wp-page\" data-elementor-id=\"2288\" class=\"elementor elementor-2288 elementor-892\" data-elementor-post-type=\"page\">\n\t\t\t\t\t\t<section class=\"elementor-section elementor-top-section elementor-element elementor-element-400968cd elementor-section-full_width elementor-section-height-min-height elementor-section-items-stretch elementor-section-content-middle elementor-reverse-mobile elementor-section-height-default\" data-id=\"400968cd\" data-element_type=\"section\">\n\t\t\t\t\t\t\t<div class=\"elementor-background-overlay\"><\/div>\n\t\t\t\t\t\t\t<div class=\"elementor-container elementor-column-gap-default\">\n\t\t\t\t\t<div class=\"elementor-column elementor-col-50 elementor-top-column elementor-element elementor-element-1a68a7f3\" data-id=\"1a68a7f3\" data-element_type=\"column\" data-settings=\"{&quot;background_background&quot;:&quot;classic&quot;}\">\n\t\t\t<div class=\"elementor-widget-wrap elementor-element-populated\">\n\t\t\t\t\t\t<div class=\"elementor-element elementor-element-265f0107 elementor-widget elementor-widget-heading\" data-id=\"265f0107\" data-element_type=\"widget\" data-widget_type=\"heading.default\">\n\t\t\t\t<div class=\"elementor-widget-container\">\n\t\t\t\t\t<h1 class=\"elementor-heading-title elementor-size-default\">Emplois<\/h1>\t\t\t\t<\/div>\n\t\t\t\t<\/div>\n\t\t\t\t<div class=\"elementor-element elementor-element-792956bd elementor-widget elementor-widget-text-editor\" data-id=\"792956bd\" data-element_type=\"widget\" data-widget_type=\"text-editor.default\">\n\t\t\t\t<div class=\"elementor-widget-container\">\n\t\t\t\t\t\t\t\t\t<p>Nous sommes constamment \u00e0 la recherche de nouveaux talents pour nos \u00e9quipes terrain. Envoyez-nous votre application pour rejoindre notre \u00e9quipe!<\/p>\n\t\t\t\t\t\t\t\t<\/div>\n\t\t\t\t<\/div>\n\t\t\t\t<div class=\"elementor-element elementor-element-5d84a193 elementor-widget elementor-widget-button\" data-id=\"5d84a193\" data-element_type=\"widget\" data-widget_type=\"button.default\">\n\t\t\t\t<div class=\"elementor-widget-container\">\n\t\t\t\t\t\t\t\t\t<div class=\"elementor-button-wrapper\">\n\t\t\t\t\t<a class=\"elementor-button elementor-button-link elementor-size-sm elementor-animation-bob\" href=\"#jobs\">\n\t\t\t\t\t\t<span class=\"elementor-button-content-wrapper\">\n\t\t\t\t\t\t<span class=\"elementor-button-icon\">\n\t\t\t\t<i aria-hidden=\"true\" class=\"fas fa-long-arrow-alt-down\"><\/i>\t\t\t<\/span>\n\t\t\t\t\t\t\t\t\t<span class=\"elementor-button-text\">Nous embauchons<\/span>\n\t\t\t\t\t<\/span>\n\t\t\t\t\t<\/a>\n\t\t\t\t<\/div>\n\t\t\t\t\t\t\t\t<\/div>\n\t\t\t\t<\/div>\n\t\t\t\t\t<\/div>\n\t\t<\/div>\n\t\t\t\t<div data-dce-background-color=\"#FFFFFF\" data-dce-background-image-url=\"https:\/\/kautaq.ca\/wp-content\/uploads\/2022\/10\/286913352_135309605774788_5490934857436791046_n.jpeg\" class=\"elementor-column elementor-col-50 elementor-top-column elementor-element elementor-element-192bccd4\" data-id=\"192bccd4\" data-element_type=\"column\" data-settings=\"{&quot;background_background&quot;:&quot;classic&quot;}\">\n\t\t\t<div class=\"elementor-widget-wrap elementor-element-populated\">\n\t\t\t\t\t\t<div class=\"elementor-element elementor-element-1cd19fec elementor-widget elementor-widget-spacer\" data-id=\"1cd19fec\" data-element_type=\"widget\" data-widget_type=\"spacer.default\">\n\t\t\t\t<div class=\"elementor-widget-container\">\n\t\t\t\t\t\t\t<div class=\"elementor-spacer\">\n\t\t\t<div class=\"elementor-spacer-inner\"><\/div>\n\t\t<\/div>\n\t\t\t\t\t\t<\/div>\n\t\t\t\t<\/div>\n\t\t\t\t\t<\/div>\n\t\t<\/div>\n\t\t\t\t\t<\/div>\n\t\t<\/section>\n\t\t\t\t<section class=\"elementor-section elementor-top-section elementor-element elementor-element-18ce4a61 elementor-section-full_width elementor-section-height-min-height elementor-section-items-stretch elementor-reverse-mobile elementor-section-height-default\" data-id=\"18ce4a61\" data-element_type=\"section\">\n\t\t\t\t\t\t<div class=\"elementor-container elementor-column-gap-default\">\n\t\t\t\t\t<div class=\"elementor-column elementor-col-50 elementor-top-column elementor-element elementor-element-2571fff8\" data-id=\"2571fff8\" data-element_type=\"column\" data-settings=\"{&quot;background_background&quot;:&quot;classic&quot;}\">\n\t\t\t<div class=\"elementor-widget-wrap elementor-element-populated\">\n\t\t\t\t\t\t<div class=\"elementor-element elementor-element-2a671e8e elementor-cta--skin-cover elementor-widget elementor-widget-call-to-action\" data-id=\"2a671e8e\" data-element_type=\"widget\" data-widget_type=\"call-to-action.default\">\n\t\t\t\t<div class=\"elementor-widget-container\">\n\t\t\t\t\t\t\t<div class=\"elementor-cta\">\n\t\t\t\t\t<div class=\"elementor-cta__bg-wrapper\">\n\t\t\t\t<div class=\"elementor-cta__bg elementor-bg\" style=\"background-image: url(https:\/\/kautaq.ca\/wp-content\/uploads\/2022\/10\/Excavator-scaled.jpg);\" role=\"img\" aria-label=\"Makivik Annual Report 07-08 p.55 - 50.00$\"><\/div>\n\t\t\t\t<div class=\"elementor-cta__bg-overlay\"><\/div>\n\t\t\t<\/div>\n\t\t\t\t\t\t\t<div class=\"elementor-cta__content\">\n\t\t\t\t\n\t\t\t\t\t\t\t\t\t<span class=\"elementor-cta__title elementor-cta__content-item elementor-content-item\">\n\t\t\t\t\t\t \t\t\t\t\t<\/span>\n\t\t\t\t\n\t\t\t\t\n\t\t\t\t\t\t\t<\/div>\n\t\t\t\t\t\t<\/div>\n\t\t\t\t\t\t<\/div>\n\t\t\t\t<\/div>\n\t\t\t\t\t<\/div>\n\t\t<\/div>\n\t\t\t\t<div data-dce-background-color=\"#FFFFFF\" class=\"elementor-column elementor-col-50 elementor-top-column elementor-element elementor-element-70b1420b\" data-id=\"70b1420b\" data-element_type=\"column\" data-settings=\"{&quot;background_background&quot;:&quot;classic&quot;}\">\n\t\t\t<div class=\"elementor-widget-wrap elementor-element-populated\">\n\t\t\t\t\t\t<div class=\"elementor-element elementor-element-2f6281d0 elementor-widget elementor-widget-heading\" data-id=\"2f6281d0\" data-element_type=\"widget\" data-widget_type=\"heading.default\">\n\t\t\t\t<div class=\"elementor-widget-container\">\n\t\t\t\t\t<h2 class=\"elementor-heading-title elementor-size-default\">Nous n\u2019avons aucun poste ouvert pour le moment<\/h2>\t\t\t\t<\/div>\n\t\t\t\t<\/div>\n\t\t\t\t<div class=\"elementor-element elementor-element-7f264e1f elementor-widget elementor-widget-text-editor\" data-id=\"7f264e1f\" data-element_type=\"widget\" data-widget_type=\"text-editor.default\">\n\t\t\t\t<div class=\"elementor-widget-container\">\n\t\t\t\t\t\t\t\t\t<p>Bien qu&rsquo;il n&rsquo;y ait pas de postes vacants au sein de notre \u00e9quipe pour le moment, Kautaq accepte toutes les candidatures spontan\u00e9es dans les diff\u00e9rents domaines de la construction (charpentier-menuisier, op\u00e9rateur de machinerie lourde, <span class=\"ql-color-red\">tireur de joint<\/span>, peintre, etc.)<\/p>\n\t\t\t\t\t\t\t\t<\/div>\n\t\t\t\t<\/div>\n\t\t\t\t<div class=\"elementor-element elementor-element-319d8232 elementor-widget elementor-widget-button\" data-id=\"319d8232\" data-element_type=\"widget\" data-widget_type=\"button.default\">\n\t\t\t\t<div class=\"elementor-widget-container\">\n\t\t\t\t\t\t\t\t\t<div class=\"elementor-button-wrapper\">\n\t\t\t\t\t<a class=\"elementor-button elementor-button-link elementor-size-sm elementor-animation-bob\" href=\"https:\/\/kautaq.ca\/fr\/comment-travailler-dans-le-domaine-de-la-construction\/\">\n\t\t\t\t\t\t<span class=\"elementor-button-content-wrapper\">\n\t\t\t\t\t\t<span class=\"elementor-button-icon\">\n\t\t\t\t<i aria-hidden=\"true\" class=\"fas fa-long-arrow-alt-right\"><\/i>\t\t\t<\/span>\n\t\t\t\t\t\t\t\t\t<span class=\"elementor-button-text\">Faites-en partie<\/span>\n\t\t\t\t\t<\/span>\n\t\t\t\t\t<\/a>\n\t\t\t\t<\/div>\n\t\t\t\t\t\t\t\t<\/div>\n\t\t\t\t<\/div>\n\t\t\t\t<div class=\"elementor-element elementor-element-7cc695fc elementor-widget elementor-widget-text-editor\" data-id=\"7cc695fc\" data-element_type=\"widget\" data-widget_type=\"text-editor.default\">\n\t\t\t\t<div class=\"elementor-widget-container\">\n\t\t\t\t\t\t\t\t\t<p>Apprenez \u00e0 trouver un emploi dans le secteur de la construction !<\/p>\n\t\t\t\t\t\t\t\t<\/div>\n\t\t\t\t<\/div>\n\t\t\t\t\t<\/div>\n\t\t<\/div>\n\t\t\t\t\t<\/div>\n\t\t<\/section>\n\t\t\t\t<section class=\"elementor-section elementor-top-section elementor-element elementor-element-177c761c elementor-section-height-min-height elementor-section-boxed elementor-section-height-default elementor-section-items-middle\" data-id=\"177c761c\" data-element_type=\"section\" id=\"jobs\">\n\t\t\t\t\t\t<div class=\"elementor-container elementor-column-gap-default\">\n\t\t\t\t\t<div class=\"elementor-column elementor-col-100 elementor-top-column elementor-element elementor-element-421770be\" data-id=\"421770be\" data-element_type=\"column\">\n\t\t\t<div class=\"elementor-widget-wrap elementor-element-populated\">\n\t\t\t\t\t\t<div class=\"elementor-element elementor-element-1856d2d6 elementor-grid-tablet-3 elementor-hidden-desktop elementor-hidden-tablet elementor-hidden-mobile elementor-grid-3 elementor-grid-mobile-1 elementor-posts--thumbnail-top elementor-widget elementor-widget-posts\" data-id=\"1856d2d6\" data-element_type=\"widget\" data-settings=\"{&quot;classic_row_gap&quot;:{&quot;unit&quot;:&quot;px&quot;,&quot;size&quot;:&quot;60&quot;,&quot;sizes&quot;:[]},&quot;classic_columns_tablet&quot;:&quot;3&quot;,&quot;classic_columns&quot;:&quot;3&quot;,&quot;classic_columns_mobile&quot;:&quot;1&quot;,&quot;classic_row_gap_tablet&quot;:{&quot;unit&quot;:&quot;px&quot;,&quot;size&quot;:&quot;&quot;,&quot;sizes&quot;:[]},&quot;classic_row_gap_mobile&quot;:{&quot;unit&quot;:&quot;px&quot;,&quot;size&quot;:&quot;&quot;,&quot;sizes&quot;:[]}}\" data-widget_type=\"posts.classic\">\n\t\t\t\t<div class=\"elementor-widget-container\">\n\t\t\t\t\t\t\t<div class=\"elementor-posts-container elementor-posts elementor-posts--skin-classic elementor-grid\">\n\t\t\t\t<article class=\"elementor-post elementor-grid-item post-2679 jobs type-jobs status-publish has-post-thumbnail hentry\">\n\t\t\t\t<a class=\"elementor-post__thumbnail__link\" href=\"https:\/\/kautaq.ca\/fr\/jobs\/kautaq-est-a-la-recherche-dune-technicienne-comptable\/\" tabindex=\"-1\" >\n\t\t\t<div class=\"elementor-post__thumbnail\"><img fetchpriority=\"high\" decoding=\"async\" width=\"768\" height=\"768\" src=\"data:image\/gif;base64,R0lGODlhAQABAIAAAAAAAP\/\/\/yH5BAEAAAAALAAAAAABAAEAAAIBRAA7\" data-src=\"https:\/\/kautaq.ca\/wp-content\/uploads\/2022\/10\/kautaq-accounting-768x768.jpg\" class=\"attachment-medium_large size-medium_large wp-image-2673 lazyload\" alt=\"\" \/><noscript><img decoding=\"async\" width=\"768\" height=\"768\" src=\"https:\/\/kautaq.ca\/wp-content\/uploads\/2022\/10\/kautaq-accounting-768x768.jpg\" class=\"attachment-medium_large size-medium_large wp-image-2673 lazyload\" alt=\"\" srcset=\"https:\/\/kautaq.ca\/wp-content\/uploads\/2022\/10\/kautaq-accounting-768x768.jpg 768w, https:\/\/kautaq.ca\/wp-content\/uploads\/2022\/10\/kautaq-accounting-300x300.jpg 300w, https:\/\/kautaq.ca\/wp-content\/uploads\/2022\/10\/kautaq-accounting-1024x1024.jpg 1024w, https:\/\/kautaq.ca\/wp-content\/uploads\/2022\/10\/kautaq-accounting-150x150.jpg 150w, https:\/\/kautaq.ca\/wp-content\/uploads\/2022\/10\/kautaq-accounting.jpg 1200w\" sizes=\"(max-width: 768px) 100vw, 768px\" \/><\/noscript><\/div>\n\t\t<\/a>\n\t\t\t\t<div class=\"elementor-post__text\">\n\t\t\t\t<h3 class=\"elementor-post__title\">\n\t\t\t<a href=\"https:\/\/kautaq.ca\/fr\/jobs\/kautaq-est-a-la-recherche-dune-technicienne-comptable\/\" >\n\t\t\t\tKautaq est \u00e0 la recherche d&rsquo;un(e) technicien(ne) comptable\t\t\t<\/a>\n\t\t<\/h3>\n\t\t\t\t<div class=\"elementor-post__meta-data\">\n\t\t\t\t\t<span class=\"elementor-post-date\">\n\t\t\toctobre 21, 2022\t\t<\/span>\n\t\t\t\t<\/div>\n\t\t\t\t<div class=\"elementor-post__excerpt\">\n\t\t\t\t\t<\/div>\n\t\t\t\t\t<div class=\"elementor-post__read-more-wrapper\">\n\t\t\n\t\t<a class=\"elementor-post__read-more\" href=\"https:\/\/kautaq.ca\/fr\/jobs\/kautaq-est-a-la-recherche-dune-technicienne-comptable\/\" aria-label=\"En savoir plus sur Kautaq est \u00e0 la recherche d&rsquo;un(e) technicien(ne) comptable\" tabindex=\"-1\" >\n\t\t\ten savoir plus\t\t<\/a>\n\n\t\t\t\t\t<\/div>\n\t\t\t\t<\/div>\n\t\t\t\t<\/article>\n\t\t\t\t<\/div>\n\t\t\n\t\t\t\t\t\t<\/div>\n\t\t\t\t<\/div>\n\t\t\t\t\t<\/div>\n\t\t<\/div>\n\t\t\t\t\t<\/div>\n\t\t<\/section>\n\t\t\t\t<section data-dce-background-overlay-image-url=\"https:\/\/kautaq.ca\/wp-content\/uploads\/2022\/07\/kautaq_pattern-1-a.svg\" class=\"elementor-section elementor-top-section elementor-element elementor-element-4596aa60 elementor-section-content-middle elementor-reverse-tablet elementor-reverse-mobile elementor-section-boxed elementor-section-height-default elementor-section-height-default\" data-id=\"4596aa60\" data-element_type=\"section\" data-settings=\"{&quot;background_background&quot;:&quot;classic&quot;}\">\n\t\t\t\t\t\t\t<div class=\"elementor-background-overlay\"><\/div>\n\t\t\t\t\t\t\t<div class=\"elementor-container elementor-column-gap-default\">\n\t\t\t\t\t<div class=\"elementor-column elementor-col-100 elementor-top-column elementor-element elementor-element-610cee7f\" data-id=\"610cee7f\" data-element_type=\"column\" data-settings=\"{&quot;background_background&quot;:&quot;classic&quot;}\">\n\t\t\t<div class=\"elementor-widget-wrap elementor-element-populated\">\n\t\t\t\t\t\t<div class=\"elementor-element elementor-element-3e52a990 elementor-widget elementor-widget-icon-box\" data-id=\"3e52a990\" data-element_type=\"widget\" data-widget_type=\"icon-box.default\">\n\t\t\t\t<div class=\"elementor-widget-container\">\n\t\t\t\t\t\t\t<div class=\"elementor-icon-box-wrapper\">\n\n\t\t\t\n\t\t\t\t\t\t<div class=\"elementor-icon-box-content\">\n\n\t\t\t\t\t\t\t\t\t<h3 class=\"elementor-icon-box-title\">\n\t\t\t\t\t\t<span  >\n\t\t\t\t\t\t\tSi vous n'avez pas d'exp\u00e9rience dans le domaine de la construction et que vous vous demandez comment rejoindre notre \u00e9quipe, d\u00e9couvrez les mesures sp\u00e9cifiques mises en place pour faciliter votre acc\u00e8s au secteur de la construction.\t\t\t\t\t\t<\/span>\n\t\t\t\t\t<\/h3>\n\t\t\t\t\n\t\t\t\t\n\t\t\t<\/div>\n\t\t\t\n\t\t<\/div>\n\t\t\t\t\t\t<\/div>\n\t\t\t\t<\/div>\n\t\t\t\t<div class=\"elementor-element elementor-element-33d5c3c5 elementor-align-center elementor-widget elementor-widget-button\" data-id=\"33d5c3c5\" data-element_type=\"widget\" data-widget_type=\"button.default\">\n\t\t\t\t<div class=\"elementor-widget-container\">\n\t\t\t\t\t\t\t\t\t<div class=\"elementor-button-wrapper\">\n\t\t\t\t\t<a class=\"elementor-button elementor-button-link elementor-size-sm elementor-animation-bob\" href=\"https:\/\/kautaq.ca\/fr\/comment-travailler-dans-le-domaine-de-la-construction\/\">\n\t\t\t\t\t\t<span class=\"elementor-button-content-wrapper\">\n\t\t\t\t\t\t<span class=\"elementor-button-icon\">\n\t\t\t\t<i aria-hidden=\"true\" class=\"fas fa-long-arrow-alt-right\"><\/i>\t\t\t<\/span>\n\t\t\t\t\t\t\t\t\t<span class=\"elementor-button-text\">en savoir plus<\/span>\n\t\t\t\t\t<\/span>\n\t\t\t\t\t<\/a>\n\t\t\t\t<\/div>\n\t\t\t\t\t\t\t\t<\/div>\n\t\t\t\t<\/div>\n\t\t\t\t\t<\/div>\n\t\t<\/div>\n\t\t\t\t\t<\/div>\n\t\t<\/section>\n\t\t\t\t<\/div>\n\t\t","protected":false},"excerpt":{"rendered":"<p>Emplois Nous sommes constamment \u00e0 la recherche de nouveaux talents pour nos \u00e9quipes terrain. Envoyez-nous votre application pour rejoindre notre \u00e9quipe! Nous embauchons Nous n\u2019avons aucun poste ouvert pour le moment Bien qu&rsquo;il n&rsquo;y ait pas de postes vacants au sein de notre \u00e9quipe pour le moment, Kautaq accepte toutes les candidatures spontan\u00e9es dans les [&hellip;]<\/p>\n","protected":false},"author":2,"featured_media":0,"parent":0,"menu_order":0,"comment_status":"closed","ping_status":"closed","template":"","meta":{"_acf_changed":false,"footnotes":""},"class_list":["post-2288","page","type-page","status-publish","hentry"],"acf":[],"_links":{"self":[{"href":"https:\/\/kautaq.ca\/fr\/wp-json\/wp\/v2\/pages\/2288","targetHints":{"allow":["GET"]}}],"collection":[{"href":"https:\/\/kautaq.ca\/fr\/wp-json\/wp\/v2\/pages"}],"about":[{"href":"https:\/\/kautaq.ca\/fr\/wp-json\/wp\/v2\/types\/page"}],"author":[{"embeddable":true,"href":"https:\/\/kautaq.ca\/fr\/wp-json\/wp\/v2\/users\/2"}],"replies":[{"embeddable":true,"href":"https:\/\/kautaq.ca\/fr\/wp-json\/wp\/v2\/comments?post=2288"}],"version-history":[{"count":7,"href":"https:\/\/kautaq.ca\/fr\/wp-json\/wp\/v2\/pages\/2288\/revisions"}],"predecessor-version":[{"id":2579,"href":"https:\/\/kautaq.ca\/fr\/wp-json\/wp\/v2\/pages\/2288\/revisions\/2579"}],"wp:attachment":[{"href":"https:\/\/kautaq.ca\/fr\/wp-json\/wp\/v2\/media?parent=2288"}],"curies":[{"name":"wp","href":"https:\/\/api.w.org\/{rel}","templated":true}]}}